{"id":52252,"date":"2025-01-05T13:37:22","date_gmt":"2025-01-05T12:37:22","guid":{"rendered":"https:\/\/murter.riot.hr\/?post_type=product&#038;p=52252"},"modified":"2025-04-23T10:29:37","modified_gmt":"2025-04-23T09:29:37","slug":"apartament-wakacje-w-murter-a2-id-223","status":"publish","type":"product","link":"https:\/\/murter-online.com\/pl\/produkt\/apartament-wakacje-w-murter-a2-id-223\/","title":{"rendered":"Apartament wakacyjny dla 2 os\u00f3b w Murter A2 ID 223"},"content":{"rendered":"","protected":false},"excerpt":{"rendered":"<p>Apartament z panoramicznym widokiem na morze w Murter. Mieszkanie ma jedn\u0105 sypialni\u0119, w kt\u00f3rej mog\u0105 spa\u0107 dwie osoby. Kuchnia w pe\u0142ni wyposa\u017cona. Dla go\u015bci apartamentu dost\u0119pny jest bezp\u0142atny parking na podw\u00f3rku. Jest grill na \u015bwie\u017cym powietrzu, z kt\u00f3rego mo\u017cna korzysta\u0107. Mieszkanie znajduje si\u0119 na \u015bwietnej pozycji. Miejska pla\u017ca Luke, piaszczysta pla\u017ca Slanica i centrum miasta znajduj\u0105 si\u0119 w odleg\u0142o\u015bci spaceru.<\/p>\n","protected":false},"featured_media":26352,"template":"","meta":{"_acf_changed":false},"product_brand":[],"product_cat":[155],"product_tag":[],"class_list":{"0":"post-52252","1":"product","2":"type-product","3":"status-publish","4":"has-post-thumbnail","6":"product_cat-kawalerka","8":"first","9":"instock","10":"sold-individually","11":"shipping-taxable","12":"purchasable","13":"product-type-phive_booking"},"acf":[],"_links":{"self":[{"href":"https:\/\/murter-online.com\/pl\/wp-json\/wp\/v2\/product\/52252","targetHints":{"allow":["GET"]}}],"collection":[{"href":"https:\/\/murter-online.com\/pl\/wp-json\/wp\/v2\/product"}],"about":[{"href":"https:\/\/murter-online.com\/pl\/wp-json\/wp\/v2\/types\/product"}],"wp:featuredmedia":[{"embeddable":true,"href":"https:\/\/murter-online.com\/pl\/wp-json\/wp\/v2\/media\/26352"}],"wp:attachment":[{"href":"https:\/\/murter-online.com\/pl\/wp-json\/wp\/v2\/media?parent=52252"}],"wp:term":[{"taxonomy":"product_brand","embeddable":true,"href":"https:\/\/murter-online.com\/pl\/wp-json\/wp\/v2\/product_brand?post=52252"},{"taxonomy":"product_cat","embeddable":true,"href":"https:\/\/murter-online.com\/pl\/wp-json\/wp\/v2\/product_cat?post=52252"},{"taxonomy":"product_tag","embeddable":true,"href":"https:\/\/murter-online.com\/pl\/wp-json\/wp\/v2\/product_tag?post=52252"}],"curies":[{"name":"wp","href":"https:\/\/api.w.org\/{rel}","templated":true}]}}