{"id":52261,"date":"2025-01-06T11:18:26","date_gmt":"2025-01-06T11:18:26","guid":{"rendered":"https:\/\/murter.riot.hr\/?post_type=product&#038;p=52261"},"modified":"2025-05-01T19:31:41","modified_gmt":"2025-05-01T18:31:41","slug":"apartament-podvrske-murter-jersani-a22","status":"publish","type":"product","link":"https:\/\/murter-online.com\/pl\/produkt\/apartament-podvrske-murter-jersani-a22\/","title":{"rendered":"Apartament wakacyjny dla rodziny z miejscem do cumowania \u0142odzi Podvr\u0161ke Murter Jersani A2+2"},"content":{"rendered":"","protected":false},"excerpt":{"rendered":"<p>Apartament ma powierzchni\u0119 40 m2. Posiada jedn\u0105 sypialni\u0119, w kt\u00f3rej mog\u0105 spa\u0107 2 osoby doros\u0142e. Posiada pok\u00f3j dzienny z rozk\u0142adan\u0105 sof\u0105, na kt\u00f3rej mo\u017cna spa\u0107. Do dyspozycji Go\u015bci jest \u0142azienka z prysznicem. Powierzchnia balkonu \/ tarasu 10 m2. Apartament znajduje si\u0119 na drugim pi\u0119trze domu. Apartament wyposa\u017cone jest w TV, klimatyzacj\u0119, bezp\u0142atne \u0142\u0105cze internetowe wifi. Parking jest wliczony w cen\u0119. Apartament posiada miejsce do cumowania \u0142odzi &#8211; za dodatkow\u0105 op\u0142at\u0105. Jest grill na \u015bwie\u017cym powietrzu, z kt\u00f3rego mo\u017cna korzysta\u0107. Apartament znajduje si\u0119 oko\u0142o 700 m od centrum i 100 m od morza lub pierwszej pla\u017cy w Murter. Zwierz\u0119ta s\u0105 akceptowane za dodatkow\u0105 op\u0142at\u0105.<\/p>\n","protected":false},"featured_media":30548,"template":"","meta":{"_acf_changed":false},"product_brand":[],"product_cat":[153,131],"product_tag":[],"class_list":{"0":"post-52261","1":"product","2":"type-product","3":"status-publish","4":"has-post-thumbnail","6":"product_cat-apartamenty-dla-rodzin","7":"product_cat-apartamenty","9":"first","10":"instock","11":"sold-individually","12":"shipping-taxable","13":"purchasable","14":"product-type-phive_booking"},"acf":[],"_links":{"self":[{"href":"https:\/\/murter-online.com\/pl\/wp-json\/wp\/v2\/product\/52261","targetHints":{"allow":["GET"]}}],"collection":[{"href":"https:\/\/murter-online.com\/pl\/wp-json\/wp\/v2\/product"}],"about":[{"href":"https:\/\/murter-online.com\/pl\/wp-json\/wp\/v2\/types\/product"}],"wp:featuredmedia":[{"embeddable":true,"href":"https:\/\/murter-online.com\/pl\/wp-json\/wp\/v2\/media\/30548"}],"wp:attachment":[{"href":"https:\/\/murter-online.com\/pl\/wp-json\/wp\/v2\/media?parent=52261"}],"wp:term":[{"taxonomy":"product_brand","embeddable":true,"href":"https:\/\/murter-online.com\/pl\/wp-json\/wp\/v2\/product_brand?post=52261"},{"taxonomy":"product_cat","embeddable":true,"href":"https:\/\/murter-online.com\/pl\/wp-json\/wp\/v2\/product_cat?post=52261"},{"taxonomy":"product_tag","embeddable":true,"href":"https:\/\/murter-online.com\/pl\/wp-json\/wp\/v2\/product_tag?post=52261"}],"curies":[{"name":"wp","href":"https:\/\/api.w.org\/{rel}","templated":true}]}}