{"id":52269,"date":"2025-01-05T13:08:16","date_gmt":"2025-01-05T12:08:16","guid":{"rendered":"https:\/\/murter.riot.hr\/?post_type=product&#038;p=52269"},"modified":"2025-04-21T10:23:56","modified_gmt":"2025-04-21T09:23:56","slug":"apartament-podraduc-murter-a21-id-295","status":"publish","type":"product","link":"https:\/\/murter-online.com\/pl\/produkt\/apartament-podraduc-murter-a21-id-295\/","title":{"rendered":"Apartament wakacyjny nad morzem Podradu\u010d Murter A2+1 ID 295"},"content":{"rendered":"","protected":false},"excerpt":{"rendered":"<p>Apartament z pi\u0119knym widokiem na morze znajduje si\u0119 w doskona\u0142ej lokalizacji, zaledwie 20m. daleko od morza. Apartament wyposa\u017cony jest w telewizor, klimatyzacj\u0119, odbiornik satelitarny, BEZP\u0141ATNY dost\u0119p do Internetu Wi-Fi. W apartamencie znajduje si\u0119 \u0142azienka z prysznicem. Tam jest salon. Powierzchnia mieszkalna wynosi 30 m2. a balkon\/taras ma powierzchni\u0119 10 m2. W apartamencie mog\u0105 spa\u0107 2 osoby na g\u0142\u00f3wnych \u0142\u00f3\u017ckach i 1 osoba na rozk\u0142adanej sofie w salonie. Mieszkanie znajduje si\u0119 na drugim pi\u0119trze. Zwierz\u0119ta domowe &#8211; na zam\u00f3wienie. Mieszkanie posiada w\u0142asny bezp\u0142atny parking. Jest otwarty grill. Mieszkanie jest 1000m. daleko od centrum i oko\u0142o 20m. daleko od morza lub pierwszej pla\u017cy w Murter.<\/p>\n","protected":false},"featured_media":26068,"template":"","meta":{"_acf_changed":false},"product_brand":[],"product_cat":[155],"product_tag":[],"class_list":{"0":"post-52269","1":"product","2":"type-product","3":"status-publish","4":"has-post-thumbnail","6":"product_cat-kawalerka","8":"first","9":"instock","10":"sold-individually","11":"shipping-taxable","12":"purchasable","13":"product-type-phive_booking"},"acf":[],"_links":{"self":[{"href":"https:\/\/murter-online.com\/pl\/wp-json\/wp\/v2\/product\/52269","targetHints":{"allow":["GET"]}}],"collection":[{"href":"https:\/\/murter-online.com\/pl\/wp-json\/wp\/v2\/product"}],"about":[{"href":"https:\/\/murter-online.com\/pl\/wp-json\/wp\/v2\/types\/product"}],"wp:featuredmedia":[{"embeddable":true,"href":"https:\/\/murter-online.com\/pl\/wp-json\/wp\/v2\/media\/26068"}],"wp:attachment":[{"href":"https:\/\/murter-online.com\/pl\/wp-json\/wp\/v2\/media?parent=52269"}],"wp:term":[{"taxonomy":"product_brand","embeddable":true,"href":"https:\/\/murter-online.com\/pl\/wp-json\/wp\/v2\/product_brand?post=52269"},{"taxonomy":"product_cat","embeddable":true,"href":"https:\/\/murter-online.com\/pl\/wp-json\/wp\/v2\/product_cat?post=52269"},{"taxonomy":"product_tag","embeddable":true,"href":"https:\/\/murter-online.com\/pl\/wp-json\/wp\/v2\/product_tag?post=52269"}],"curies":[{"name":"wp","href":"https:\/\/api.w.org\/{rel}","templated":true}]}}