{"id":52277,"date":"2025-01-05T13:03:28","date_gmt":"2025-01-05T12:03:28","guid":{"rendered":"https:\/\/murter.riot.hr\/?post_type=product&#038;p=52277"},"modified":"2025-04-21T10:12:33","modified_gmt":"2025-04-21T09:12:33","slug":"apartment-podraduc-murter-a21-id-27","status":"publish","type":"product","link":"https:\/\/murter-online.com\/pl\/produkt\/apartment-podraduc-murter-a21-id-27\/","title":{"rendered":"Apartament wakacyjny nad morzem Podradu\u010d Murter A2+1 ID 27"},"content":{"rendered":"","protected":false},"excerpt":{"rendered":"<p>Apartament z pi\u0119knym widokiem na morze znajduje si\u0119 tylko w doskona\u0142ej lokalizacji 20m. od morza. Apartament wyposa\u017cony jest w tv, bezp\u0142atny klimatyzacja, odbiornik satelitarny, BEZP\u0141ATNE po\u0142\u0105czenie internetowe Wi-Fi. Apartament posiada \u0142azienk\u0119 z prysznicem. Jest pok\u00f3j dzienny. Powierzchnia mieszkalna ma 30 m2. a balkon \/ taras ma 10 m2. W apartamencie mo\u017ce spa\u0107 2 os\u00f3b na g\u0142\u00f3wnych \u0142\u00f3\u017ckach a 1 osoba na rozk\u0142adanej sofie w salonie Apartament znajduje si\u0119 na drugim pi\u0119trze. Zwierz\u0119ta domowe &#8211; niedozwolone. apartament ma sw\u00f3j w\u0142asny bezp\u0142atny parking. Jest otwarty grill. Apartament jest 1000m. daleko od centrum i oko\u0142o 20m. daleko od morza lub pierwszej pla\u017cy w Murte.<\/p>\n","protected":false},"featured_media":25940,"template":"","meta":{"_acf_changed":false},"product_brand":[],"product_cat":[155],"product_tag":[],"class_list":{"0":"post-52277","1":"product","2":"type-product","3":"status-publish","4":"has-post-thumbnail","6":"product_cat-kawalerka","8":"first","9":"instock","10":"sold-individually","11":"shipping-taxable","12":"purchasable","13":"product-type-phive_booking"},"acf":[],"_links":{"self":[{"href":"https:\/\/murter-online.com\/pl\/wp-json\/wp\/v2\/product\/52277","targetHints":{"allow":["GET"]}}],"collection":[{"href":"https:\/\/murter-online.com\/pl\/wp-json\/wp\/v2\/product"}],"about":[{"href":"https:\/\/murter-online.com\/pl\/wp-json\/wp\/v2\/types\/product"}],"wp:featuredmedia":[{"embeddable":true,"href":"https:\/\/murter-online.com\/pl\/wp-json\/wp\/v2\/media\/25940"}],"wp:attachment":[{"href":"https:\/\/murter-online.com\/pl\/wp-json\/wp\/v2\/media?parent=52277"}],"wp:term":[{"taxonomy":"product_brand","embeddable":true,"href":"https:\/\/murter-online.com\/pl\/wp-json\/wp\/v2\/product_brand?post=52277"},{"taxonomy":"product_cat","embeddable":true,"href":"https:\/\/murter-online.com\/pl\/wp-json\/wp\/v2\/product_cat?post=52277"},{"taxonomy":"product_tag","embeddable":true,"href":"https:\/\/murter-online.com\/pl\/wp-json\/wp\/v2\/product_tag?post=52277"}],"curies":[{"name":"wp","href":"https:\/\/api.w.org\/{rel}","templated":true}]}}