{"id":52282,"date":"2025-01-05T13:00:02","date_gmt":"2025-01-05T13:00:02","guid":{"rendered":"https:\/\/murter.riot.hr\/?post_type=product&#038;p=52282"},"modified":"2025-04-21T09:39:40","modified_gmt":"2025-04-21T08:39:40","slug":"apartament-podraduc-murter-a2-id-283","status":"publish","type":"product","link":"https:\/\/murter-online.com\/pl\/produkt\/apartament-podraduc-murter-a2-id-283\/","title":{"rendered":"Apartament wakacyjny dla 2 os\u00f3b Podradu\u010d Murter A2 ID 283"},"content":{"rendered":"","protected":false},"excerpt":{"rendered":"<p>Kawalerka przy ulicy Podradu\u010d znajduje si\u0119 70 metr\u00f3w od morza. Mieszkanie znajduje si\u0119 na parterze. Apartament posiada jeden pok\u00f3j, w kt\u00f3rym mog\u0105 spa\u0107 2 osoby doros\u0142e. Apartament posiada klimatyzacj\u0119, ekspres do kawy, zamra\u017cark\u0119, bezprzewodowy dost\u0119p do Internetu. Mieszkanie nie ma bezpo\u015bredniego wyj\u015bcia na taras, ale posiada taras z widokiem na morze, z kt\u00f3rego mo\u017cna korzysta\u0107. Przed apartamentem znajduje si\u0119 grill, z kt\u00f3rego mo\u017cna korzysta\u0107 bezp\u0142atnie. Parking dla samochodu znajduje si\u0119 przed apartamentem i jest wliczony w cen\u0119 apartamentu. Przed apartamentem, w cieniu przed pla\u017c\u0105, znajduje si\u0119 teren z le\u017cakami, z kt\u00f3rego mo\u017cna korzysta\u0107 bezp\u0142atnie.<\/p>\n","protected":false},"featured_media":25808,"template":"","meta":{"_acf_changed":false},"product_brand":[],"product_cat":[155],"product_tag":[],"class_list":{"0":"post-52282","1":"product","2":"type-product","3":"status-publish","4":"has-post-thumbnail","6":"product_cat-kawalerka","8":"first","9":"instock","10":"sold-individually","11":"shipping-taxable","12":"purchasable","13":"product-type-phive_booking"},"acf":[],"_links":{"self":[{"href":"https:\/\/murter-online.com\/pl\/wp-json\/wp\/v2\/product\/52282","targetHints":{"allow":["GET"]}}],"collection":[{"href":"https:\/\/murter-online.com\/pl\/wp-json\/wp\/v2\/product"}],"about":[{"href":"https:\/\/murter-online.com\/pl\/wp-json\/wp\/v2\/types\/product"}],"wp:featuredmedia":[{"embeddable":true,"href":"https:\/\/murter-online.com\/pl\/wp-json\/wp\/v2\/media\/25808"}],"wp:attachment":[{"href":"https:\/\/murter-online.com\/pl\/wp-json\/wp\/v2\/media?parent=52282"}],"wp:term":[{"taxonomy":"product_brand","embeddable":true,"href":"https:\/\/murter-online.com\/pl\/wp-json\/wp\/v2\/product_brand?post=52282"},{"taxonomy":"product_cat","embeddable":true,"href":"https:\/\/murter-online.com\/pl\/wp-json\/wp\/v2\/product_cat?post=52282"},{"taxonomy":"product_tag","embeddable":true,"href":"https:\/\/murter-online.com\/pl\/wp-json\/wp\/v2\/product_tag?post=52282"}],"curies":[{"name":"wp","href":"https:\/\/api.w.org\/{rel}","templated":true}]}}