{"id":52293,"date":"2025-01-05T12:55:20","date_gmt":"2025-01-05T11:55:20","guid":{"rendered":"https:\/\/murter.riot.hr\/?post_type=product&#038;p=52293"},"modified":"2025-01-26T08:43:04","modified_gmt":"2025-01-26T08:43:04","slug":"apartament-na-plazy-z-miejscem-do-cumowania-lodzi-a2-id-279","status":"publish","type":"product","link":"https:\/\/murter-online.com\/pl\/produkt\/apartament-na-plazy-z-miejscem-do-cumowania-lodzi-a2-id-279\/","title":{"rendered":"Apartament na pla\u017cy z miejscem do cumowania \u0142odzi A2 ID 279"},"content":{"rendered":"","protected":false},"excerpt":{"rendered":"<p>Apartament dla dw\u00f3ch os\u00f3b w pobli\u017cu lokalnej pla\u017cy \u0141ukasza. Nowo wyremontowany apartament z widokiem na morze. W apartamencie znajduje si\u0119 podw\u00f3jne \u0142\u00f3\u017cko, na kt\u00f3rym mog\u0105 spa\u0107 dwie osoby. Apartament posiada klimatyzacj\u0119, bezprzewodowy internet, kuchenk\u0119 mikrofalow\u0105, lod\u00f3wk\u0119, kuchenk\u0119 elektryczn\u0105. Kuchnia jest w pe\u0142ni wyposa\u017cona. Przed apartamentem znajduje si\u0119 taras z meblami ogrodowymi i widokiem na morze. Parking dla samochodu znajduje si\u0119 przed apartamentem i jest wliczony w cen\u0119 apartamentu. Mo\u017cliwo\u015b\u0107 cumowania \u0142odzi za dop\u0142at\u0105.<\/p>\n","protected":false},"featured_media":25776,"template":"","meta":{"_acf_changed":false},"product_brand":[],"product_cat":[155],"product_tag":[],"class_list":{"0":"post-52293","1":"product","2":"type-product","3":"status-publish","4":"has-post-thumbnail","6":"product_cat-kawalerka","8":"first","9":"instock","10":"sold-individually","11":"shipping-taxable","12":"purchasable","13":"product-type-phive_booking"},"acf":[],"_links":{"self":[{"href":"https:\/\/murter-online.com\/pl\/wp-json\/wp\/v2\/product\/52293","targetHints":{"allow":["GET"]}}],"collection":[{"href":"https:\/\/murter-online.com\/pl\/wp-json\/wp\/v2\/product"}],"about":[{"href":"https:\/\/murter-online.com\/pl\/wp-json\/wp\/v2\/types\/product"}],"wp:featuredmedia":[{"embeddable":true,"href":"https:\/\/murter-online.com\/pl\/wp-json\/wp\/v2\/media\/25776"}],"wp:attachment":[{"href":"https:\/\/murter-online.com\/pl\/wp-json\/wp\/v2\/media?parent=52293"}],"wp:term":[{"taxonomy":"product_brand","embeddable":true,"href":"https:\/\/murter-online.com\/pl\/wp-json\/wp\/v2\/product_brand?post=52293"},{"taxonomy":"product_cat","embeddable":true,"href":"https:\/\/murter-online.com\/pl\/wp-json\/wp\/v2\/product_cat?post=52293"},{"taxonomy":"product_tag","embeddable":true,"href":"https:\/\/murter-online.com\/pl\/wp-json\/wp\/v2\/product_tag?post=52293"}],"curies":[{"name":"wp","href":"https:\/\/api.w.org\/{rel}","templated":true}]}}