{"id":52304,"date":"2025-01-06T11:38:39","date_gmt":"2025-01-06T10:38:39","guid":{"rendered":"https:\/\/murter.riot.hr\/?post_type=product&#038;p=52304"},"modified":"2025-05-01T19:51:03","modified_gmt":"2025-05-01T18:51:03","slug":"apartament-sea-lagoon-a22-id-91","status":"publish","type":"product","link":"https:\/\/murter-online.com\/pl\/produkt\/apartament-sea-lagoon-a22-id-91\/","title":{"rendered":"Apartament wakacyjny dla rodziny Sea Lagoon Murter A2+2 ID 91"},"content":{"rendered":"","protected":false},"excerpt":{"rendered":"<p>Mieszkanie znajduje si\u0119 w doskona\u0142ej lokalizacji, zaledwie 250 metr\u00f3w od morza. Mieszkanie ma powierzchni\u0119 60 m2. Posiada jedn\u0105 sypialni\u0119, kt\u00f3ra mo\u017ce pomie\u015bci\u0107 2 osoby doros\u0142e. Posiada pok\u00f3j dzienny, w kt\u00f3rym mo\u017cna spa\u0107 &#8211; posiada dodatkowe \u0142\u00f3\u017cko dla dw\u00f3ch os\u00f3b. Do dyspozycji Go\u015bci jest \u0142azienka z prysznicem. Powierzchnia balkonu \/ tarasu 10 m2. Mieszkanie znajduje si\u0119 na parterze. Mieszkanie wyposa\u017cone jest w TV, klimatyzacj\u0119, piekarnik, bezp\u0142atne \u0142\u0105cze internetowe wifi. Parking jest wliczony w cen\u0119. Mieszkanie znajduje si\u0119 oko\u0142o 750 m od centrum i 250 m od morza lub pierwszej pla\u017cy w Murter. Zwierz\u0119ta nie s\u0105 akceptowane<\/p>\n","protected":false},"featured_media":30724,"template":"","meta":{"_acf_changed":false},"product_brand":[],"product_cat":[153,131],"product_tag":[],"class_list":{"0":"post-52304","1":"product","2":"type-product","3":"status-publish","4":"has-post-thumbnail","6":"product_cat-apartamenty-dla-rodzin","7":"product_cat-apartamenty","9":"first","10":"instock","11":"sold-individually","12":"shipping-taxable","13":"purchasable","14":"product-type-phive_booking"},"acf":[],"_links":{"self":[{"href":"https:\/\/murter-online.com\/pl\/wp-json\/wp\/v2\/product\/52304","targetHints":{"allow":["GET"]}}],"collection":[{"href":"https:\/\/murter-online.com\/pl\/wp-json\/wp\/v2\/product"}],"about":[{"href":"https:\/\/murter-online.com\/pl\/wp-json\/wp\/v2\/types\/product"}],"wp:featuredmedia":[{"embeddable":true,"href":"https:\/\/murter-online.com\/pl\/wp-json\/wp\/v2\/media\/30724"}],"wp:attachment":[{"href":"https:\/\/murter-online.com\/pl\/wp-json\/wp\/v2\/media?parent=52304"}],"wp:term":[{"taxonomy":"product_brand","embeddable":true,"href":"https:\/\/murter-online.com\/pl\/wp-json\/wp\/v2\/product_brand?post=52304"},{"taxonomy":"product_cat","embeddable":true,"href":"https:\/\/murter-online.com\/pl\/wp-json\/wp\/v2\/product_cat?post=52304"},{"taxonomy":"product_tag","embeddable":true,"href":"https:\/\/murter-online.com\/pl\/wp-json\/wp\/v2\/product_tag?post=52304"}],"curies":[{"name":"wp","href":"https:\/\/api.w.org\/{rel}","templated":true}]}}