{"id":52311,"date":"2025-01-06T11:44:34","date_gmt":"2025-01-06T11:44:34","guid":{"rendered":"https:\/\/murter.riot.hr\/?post_type=product&#038;p=52311"},"modified":"2025-05-01T19:56:18","modified_gmt":"2025-05-01T18:56:18","slug":"apartament-slanica-2-2-id-92","status":"publish","type":"product","link":"https:\/\/murter-online.com\/pl\/produkt\/apartament-slanica-2-2-id-92\/","title":{"rendered":"Apartament wakacyjny dla rodziny Slanica Murter 2+2 ID 92"},"content":{"rendered":"","protected":false},"excerpt":{"rendered":"<p>Apartament znajduje si\u0119 tylko w doskona\u0142ej lokalizacji 300m. od morza. Apartament wyposa\u017cony jest w tv, bezp\u0142atny klimatyzacja, piekarnik, BEZP\u0141ATNE po\u0142\u0105czenie internetowe Wi-Fi. Apartament posiada \u0142azienk\u0119 z prysznicem. Jest pok\u00f3j dzienny, w kt\u00f3rym mo\u017cesz spa\u0107.. Powierzchnia mieszkalna ma 45 m2. a balkon \/ taras ma 10 m2. W apartamencie mo\u017ce spa\u0107 2 os\u00f3b na g\u0142\u00f3wnych \u0142\u00f3\u017ckach a 2 osoby na rozk\u0142adanej sofie w salonie. Apartament znajduje si\u0119 na parterze. Zwierz\u0119ta domowe &#8211; niedozwolone. apartament ma sw\u00f3j w\u0142asny bezp\u0142atny parking. Apartament jest 800m. daleko od centrum i oko\u0142o 300m. daleko od morza lub pierwszej pla\u017cy w Murter<\/p>\n","protected":false},"featured_media":30796,"template":"","meta":{"_acf_changed":false},"product_brand":[],"product_cat":[153,131],"product_tag":[],"class_list":{"0":"post-52311","1":"product","2":"type-product","3":"status-publish","4":"has-post-thumbnail","6":"product_cat-apartamenty-dla-rodzin","7":"product_cat-apartamenty","9":"first","10":"instock","11":"sold-individually","12":"shipping-taxable","13":"purchasable","14":"product-type-phive_booking"},"acf":[],"_links":{"self":[{"href":"https:\/\/murter-online.com\/pl\/wp-json\/wp\/v2\/product\/52311","targetHints":{"allow":["GET"]}}],"collection":[{"href":"https:\/\/murter-online.com\/pl\/wp-json\/wp\/v2\/product"}],"about":[{"href":"https:\/\/murter-online.com\/pl\/wp-json\/wp\/v2\/types\/product"}],"wp:featuredmedia":[{"embeddable":true,"href":"https:\/\/murter-online.com\/pl\/wp-json\/wp\/v2\/media\/30796"}],"wp:attachment":[{"href":"https:\/\/murter-online.com\/pl\/wp-json\/wp\/v2\/media?parent=52311"}],"wp:term":[{"taxonomy":"product_brand","embeddable":true,"href":"https:\/\/murter-online.com\/pl\/wp-json\/wp\/v2\/product_brand?post=52311"},{"taxonomy":"product_cat","embeddable":true,"href":"https:\/\/murter-online.com\/pl\/wp-json\/wp\/v2\/product_cat?post=52311"},{"taxonomy":"product_tag","embeddable":true,"href":"https:\/\/murter-online.com\/pl\/wp-json\/wp\/v2\/product_tag?post=52311"}],"curies":[{"name":"wp","href":"https:\/\/api.w.org\/{rel}","templated":true}]}}