{"id":52324,"date":"2025-01-05T12:43:57","date_gmt":"2025-01-05T11:43:57","guid":{"rendered":"https:\/\/murter.riot.hr\/?post_type=product&#038;p=52324"},"modified":"2025-01-26T09:49:13","modified_gmt":"2025-01-26T09:49:13","slug":"apartament-przy-plazy-slanica-a21-studio-a3-id-254","status":"publish","type":"product","link":"https:\/\/murter-online.com\/pl\/produkt\/apartament-przy-plazy-slanica-a21-studio-a3-id-254\/","title":{"rendered":"Apartament przy pla\u017cy Slanica A2+1 studio A3 ID 254"},"content":{"rendered":"","protected":false},"excerpt":{"rendered":"<p>Kawalerka dla 3 os\u00f3b z widokiem na morze. Mieszkanie znajduje si\u0119 w pobli\u017cu piaszczystej pla\u017cy Slanica w spokojnym i cichym miejscu. Mieszkanie jest w pe\u0142ni wyposa\u017cone. Parking dla samochodu znajduje si\u0119 przed apartamentem.<\/p>\n","protected":false},"featured_media":25636,"template":"","meta":{"_acf_changed":false},"product_brand":[],"product_cat":[155],"product_tag":[],"class_list":{"0":"post-52324","1":"product","2":"type-product","3":"status-publish","4":"has-post-thumbnail","6":"product_cat-kawalerka","8":"first","9":"instock","10":"sold-individually","11":"shipping-taxable","12":"purchasable","13":"product-type-phive_booking"},"acf":[],"_links":{"self":[{"href":"https:\/\/murter-online.com\/pl\/wp-json\/wp\/v2\/product\/52324","targetHints":{"allow":["GET"]}}],"collection":[{"href":"https:\/\/murter-online.com\/pl\/wp-json\/wp\/v2\/product"}],"about":[{"href":"https:\/\/murter-online.com\/pl\/wp-json\/wp\/v2\/types\/product"}],"wp:featuredmedia":[{"embeddable":true,"href":"https:\/\/murter-online.com\/pl\/wp-json\/wp\/v2\/media\/25636"}],"wp:attachment":[{"href":"https:\/\/murter-online.com\/pl\/wp-json\/wp\/v2\/media?parent=52324"}],"wp:term":[{"taxonomy":"product_brand","embeddable":true,"href":"https:\/\/murter-online.com\/pl\/wp-json\/wp\/v2\/product_brand?post=52324"},{"taxonomy":"product_cat","embeddable":true,"href":"https:\/\/murter-online.com\/pl\/wp-json\/wp\/v2\/product_cat?post=52324"},{"taxonomy":"product_tag","embeddable":true,"href":"https:\/\/murter-online.com\/pl\/wp-json\/wp\/v2\/product_tag?post=52324"}],"curies":[{"name":"wp","href":"https:\/\/api.w.org\/{rel}","templated":true}]}}