{"id":52328,"date":"2025-01-06T12:16:22","date_gmt":"2025-01-06T12:16:22","guid":{"rendered":"https:\/\/murter.riot.hr\/?post_type=product&#038;p=52328"},"modified":"2025-01-26T09:53:24","modified_gmt":"2025-01-26T09:53:24","slug":"apartament-plaza-slanica-a21-id-218","status":"publish","type":"product","link":"https:\/\/murter-online.com\/pl\/produkt\/apartament-plaza-slanica-a21-id-218\/","title":{"rendered":"Apartament Pla\u017ca Slanica A2+1 ID 218"},"content":{"rendered":"","protected":false},"excerpt":{"rendered":"<p>Mieszkanie znajduje si\u0119 w doskona\u0142ej lokalizacji, zaledwie 250 metr\u00f3w od morza. Mieszkanie ma powierzchni\u0119 30 m2. Posiada sypialni\u0119, w kt\u00f3rej mog\u0105 spa\u0107 2 osoby doros\u0142e. Posiada pok\u00f3j dzienny. W pokoju znajduje si\u0119 \u0142azienka z prysznicem. Powierzchnia balkonu\/tarasu to 15 m2. Mieszkanie znajduje si\u0119 na parterze. Mieszkanie jest wyposa\u017cone w TV, klimatyzacj\u0119, piekarnik, bezp\u0142atne \u0142\u0105cze internetowe Wifi. Parking jest wliczony w cen\u0119. Zwierz\u0119ta na \u017cyczenie.<\/p>\n","protected":false},"featured_media":31040,"template":"","meta":{"_acf_changed":false},"product_brand":[],"product_cat":[153,131],"product_tag":[],"class_list":{"0":"post-52328","1":"product","2":"type-product","3":"status-publish","4":"has-post-thumbnail","6":"product_cat-apartamenty-dla-rodzin","7":"product_cat-apartamenty","9":"first","10":"instock","11":"sold-individually","12":"shipping-taxable","13":"purchasable","14":"product-type-phive_booking"},"acf":[],"_links":{"self":[{"href":"https:\/\/murter-online.com\/pl\/wp-json\/wp\/v2\/product\/52328","targetHints":{"allow":["GET"]}}],"collection":[{"href":"https:\/\/murter-online.com\/pl\/wp-json\/wp\/v2\/product"}],"about":[{"href":"https:\/\/murter-online.com\/pl\/wp-json\/wp\/v2\/types\/product"}],"wp:featuredmedia":[{"embeddable":true,"href":"https:\/\/murter-online.com\/pl\/wp-json\/wp\/v2\/media\/31040"}],"wp:attachment":[{"href":"https:\/\/murter-online.com\/pl\/wp-json\/wp\/v2\/media?parent=52328"}],"wp:term":[{"taxonomy":"product_brand","embeddable":true,"href":"https:\/\/murter-online.com\/pl\/wp-json\/wp\/v2\/product_brand?post=52328"},{"taxonomy":"product_cat","embeddable":true,"href":"https:\/\/murter-online.com\/pl\/wp-json\/wp\/v2\/product_cat?post=52328"},{"taxonomy":"product_tag","embeddable":true,"href":"https:\/\/murter-online.com\/pl\/wp-json\/wp\/v2\/product_tag?post=52328"}],"curies":[{"name":"wp","href":"https:\/\/api.w.org\/{rel}","templated":true}]}}