{"id":52332,"date":"2025-01-05T12:34:14","date_gmt":"2025-01-05T12:34:14","guid":{"rendered":"https:\/\/murter.riot.hr\/?post_type=product&#038;p=52332"},"modified":"2025-01-26T09:55:07","modified_gmt":"2025-01-26T09:55:07","slug":"apartament-przy-plazy-slanica-a21-id-258","status":"publish","type":"product","link":"https:\/\/murter-online.com\/pl\/produkt\/apartament-przy-plazy-slanica-a21-id-258\/","title":{"rendered":"Apartament przy pla\u017cy Slanica A2+1 ID 258"},"content":{"rendered":"","protected":false},"excerpt":{"rendered":"<p>Kawalerka dla 3 os\u00f3b. Mieszkanie znajduje si\u0119 w pobli\u017cu piaszczystej pla\u017cy Slanica w spokojnym i cichym miejscu. Mieszkanie jest w pe\u0142ni wyposa\u017cone. Parking dla samochodu znajduje si\u0119 przed apartamentem.<\/p>\n","protected":false},"featured_media":25452,"template":"","meta":{"_acf_changed":false},"product_brand":[],"product_cat":[155],"product_tag":[],"class_list":{"0":"post-52332","1":"product","2":"type-product","3":"status-publish","4":"has-post-thumbnail","6":"product_cat-kawalerka","8":"first","9":"instock","10":"sold-individually","11":"shipping-taxable","12":"purchasable","13":"product-type-phive_booking"},"acf":[],"_links":{"self":[{"href":"https:\/\/murter-online.com\/pl\/wp-json\/wp\/v2\/product\/52332","targetHints":{"allow":["GET"]}}],"collection":[{"href":"https:\/\/murter-online.com\/pl\/wp-json\/wp\/v2\/product"}],"about":[{"href":"https:\/\/murter-online.com\/pl\/wp-json\/wp\/v2\/types\/product"}],"wp:featuredmedia":[{"embeddable":true,"href":"https:\/\/murter-online.com\/pl\/wp-json\/wp\/v2\/media\/25452"}],"wp:attachment":[{"href":"https:\/\/murter-online.com\/pl\/wp-json\/wp\/v2\/media?parent=52332"}],"wp:term":[{"taxonomy":"product_brand","embeddable":true,"href":"https:\/\/murter-online.com\/pl\/wp-json\/wp\/v2\/product_brand?post=52332"},{"taxonomy":"product_cat","embeddable":true,"href":"https:\/\/murter-online.com\/pl\/wp-json\/wp\/v2\/product_cat?post=52332"},{"taxonomy":"product_tag","embeddable":true,"href":"https:\/\/murter-online.com\/pl\/wp-json\/wp\/v2\/product_tag?post=52332"}],"curies":[{"name":"wp","href":"https:\/\/api.w.org\/{rel}","templated":true}]}}