{"id":52351,"date":"2025-01-05T12:25:04","date_gmt":"2025-01-05T11:25:04","guid":{"rendered":"https:\/\/murter.riot.hr\/?post_type=product&#038;p=52351"},"modified":"2025-04-21T10:43:17","modified_gmt":"2025-04-21T09:43:17","slug":"apartament-murter-budget-a2-id-212","status":"publish","type":"product","link":"https:\/\/murter-online.com\/pl\/produkt\/apartament-murter-budget-a2-id-212\/","title":{"rendered":"Apartament wakacyjny Budget Murter A2 ID 212"},"content":{"rendered":"","protected":false},"excerpt":{"rendered":"<p>Kawalerka w Murter! Mieszkanie znajduje si\u0119 mi\u0119dzy lokaln\u0105 pla\u017c\u0105 \u0141ukasza a piaszczyst\u0105 pla\u017c\u0105 Slanica, max.10 minut spacerem do centrum Murteru. Apartament posiada \u0142\u00f3\u017cko pi\u0119trowe, klimatyzacj\u0119, \u0142azienk\u0119 i ma\u0142\u0105 kuchni\u0119. Parking jest dost\u0119pny i bezp\u0142atny.<\/p>\n","protected":false},"featured_media":25296,"template":"","meta":{"_acf_changed":false},"product_brand":[],"product_cat":[155],"product_tag":[],"class_list":{"0":"post-52351","1":"product","2":"type-product","3":"status-publish","4":"has-post-thumbnail","6":"product_cat-kawalerka","8":"first","9":"instock","10":"sold-individually","11":"shipping-taxable","12":"purchasable","13":"product-type-phive_booking"},"acf":[],"_links":{"self":[{"href":"https:\/\/murter-online.com\/pl\/wp-json\/wp\/v2\/product\/52351","targetHints":{"allow":["GET"]}}],"collection":[{"href":"https:\/\/murter-online.com\/pl\/wp-json\/wp\/v2\/product"}],"about":[{"href":"https:\/\/murter-online.com\/pl\/wp-json\/wp\/v2\/types\/product"}],"wp:featuredmedia":[{"embeddable":true,"href":"https:\/\/murter-online.com\/pl\/wp-json\/wp\/v2\/media\/25296"}],"wp:attachment":[{"href":"https:\/\/murter-online.com\/pl\/wp-json\/wp\/v2\/media?parent=52351"}],"wp:term":[{"taxonomy":"product_brand","embeddable":true,"href":"https:\/\/murter-online.com\/pl\/wp-json\/wp\/v2\/product_brand?post=52351"},{"taxonomy":"product_cat","embeddable":true,"href":"https:\/\/murter-online.com\/pl\/wp-json\/wp\/v2\/product_cat?post=52351"},{"taxonomy":"product_tag","embeddable":true,"href":"https:\/\/murter-online.com\/pl\/wp-json\/wp\/v2\/product_tag?post=52351"}],"curies":[{"name":"wp","href":"https:\/\/api.w.org\/{rel}","templated":true}]}}