{"id":52365,"date":"2025-01-05T12:19:17","date_gmt":"2025-01-05T12:19:17","guid":{"rendered":"https:\/\/murter.riot.hr\/?post_type=product&#038;p=52365"},"modified":"2025-04-21T08:33:55","modified_gmt":"2025-04-21T07:33:55","slug":"apartament-luke-beachfront-murter-a2-id-164","status":"publish","type":"product","link":"https:\/\/murter-online.com\/pl\/produkt\/apartament-luke-beachfront-murter-a2-id-164\/","title":{"rendered":"Apartament wakacyjny dla 2 os\u00f3b na pla\u017cy Luke Beachfront Murter A2 ID 164"},"content":{"rendered":"","protected":false},"excerpt":{"rendered":"<p>Apartament z pi\u0119knym widokiem na morze znajduje si\u0119 w doskona\u0142ej lokalizacji zaledwie 50 metr\u00f3w od morza. Mieszkanie ma powierzchni\u0119 30 m2. Posiada jedn\u0105 sypialni\u0119, w kt\u00f3rej mog\u0105 spa\u0107 2 osoby doros\u0142e. Istnieje dodatkowe \u0142\u00f3\u017cko dla jednej osoby, kt\u00f3re mo\u017ce by\u0107 u\u017cywane. Do dyspozycji Go\u015bci jest \u0142azienka z prysznicem. Powierzchnia balkonu \/ tarasu wynosi 5 m2. Mieszkanie znajduje si\u0119 na pierwszym pi\u0119trze. Mieszkanie wyposa\u017cone jest w TV, klimatyzacj\u0119, piekarnik, bezp\u0142atne \u0142\u0105cze internetowe wifi. Parking jest wliczony w cen\u0119. Zwierz\u0119ta domowe na zapytanie.<\/p>\n","protected":false},"featured_media":25144,"template":"","meta":{"_acf_changed":false},"product_brand":[],"product_cat":[155],"product_tag":[],"class_list":{"0":"post-52365","1":"product","2":"type-product","3":"status-publish","4":"has-post-thumbnail","6":"product_cat-kawalerka","8":"first","9":"instock","10":"sold-individually","11":"shipping-taxable","12":"purchasable","13":"product-type-phive_booking"},"acf":[],"_links":{"self":[{"href":"https:\/\/murter-online.com\/pl\/wp-json\/wp\/v2\/product\/52365","targetHints":{"allow":["GET"]}}],"collection":[{"href":"https:\/\/murter-online.com\/pl\/wp-json\/wp\/v2\/product"}],"about":[{"href":"https:\/\/murter-online.com\/pl\/wp-json\/wp\/v2\/types\/product"}],"wp:featuredmedia":[{"embeddable":true,"href":"https:\/\/murter-online.com\/pl\/wp-json\/wp\/v2\/media\/25144"}],"wp:attachment":[{"href":"https:\/\/murter-online.com\/pl\/wp-json\/wp\/v2\/media?parent=52365"}],"wp:term":[{"taxonomy":"product_brand","embeddable":true,"href":"https:\/\/murter-online.com\/pl\/wp-json\/wp\/v2\/product_brand?post=52365"},{"taxonomy":"product_cat","embeddable":true,"href":"https:\/\/murter-online.com\/pl\/wp-json\/wp\/v2\/product_cat?post=52365"},{"taxonomy":"product_tag","embeddable":true,"href":"https:\/\/murter-online.com\/pl\/wp-json\/wp\/v2\/product_tag?post=52365"}],"curies":[{"name":"wp","href":"https:\/\/api.w.org\/{rel}","templated":true}]}}