{"id":52370,"date":"2025-01-05T12:11:08","date_gmt":"2025-01-05T12:11:08","guid":{"rendered":"https:\/\/murter.riot.hr\/?post_type=product&#038;p=52370"},"modified":"2025-04-21T08:14:24","modified_gmt":"2025-04-21T07:14:24","slug":"dom-petra-marine-view-apartament-lila-a2-id-89","status":"publish","type":"product","link":"https:\/\/murter-online.com\/pl\/produkt\/dom-petra-marine-view-apartament-lila-a2-id-89\/","title":{"rendered":"Apartament wakacyjny  dla 2 os\u00f3b blisko pla\u017cy Zdra\u010de &#8211; Lila Murter A2 ID 89"},"content":{"rendered":"","protected":false},"excerpt":{"rendered":"<p>Mieszkanie zlokalizowane jest w pobli\u017cu przystani Murter &#8211; Hramine. Blisko centrum miasta Murter, do kt\u00f3rego mo\u017cna dotrze\u0107 w zaledwie kilka minut. Pierwsza lokalna pla\u017ca znajduje si\u0119 180 m dalej (pla\u017ca miejska). Blisko lokalnych stacji benzynowych, supermarket\u00f3w, restauracji i kawiarni. Mieszkanie posiada balkon i widok na morze. Mieszkanie jest wyposa\u017cone w sprz\u0119t, WiFi i telewizj\u0119 satelitarn\u0105. Po\u015bciel, r\u0119czniki i ko\u0144cowe sprz\u0105tanie s\u0105 wliczone w cen\u0119.<\/p>\n","protected":false},"featured_media":25032,"template":"","meta":{"_acf_changed":false},"product_brand":[],"product_cat":[155],"product_tag":[],"class_list":{"0":"post-52370","1":"product","2":"type-product","3":"status-publish","4":"has-post-thumbnail","6":"product_cat-kawalerka","8":"first","9":"instock","10":"sold-individually","11":"shipping-taxable","12":"purchasable","13":"product-type-phive_booking"},"acf":[],"_links":{"self":[{"href":"https:\/\/murter-online.com\/pl\/wp-json\/wp\/v2\/product\/52370","targetHints":{"allow":["GET"]}}],"collection":[{"href":"https:\/\/murter-online.com\/pl\/wp-json\/wp\/v2\/product"}],"about":[{"href":"https:\/\/murter-online.com\/pl\/wp-json\/wp\/v2\/types\/product"}],"wp:featuredmedia":[{"embeddable":true,"href":"https:\/\/murter-online.com\/pl\/wp-json\/wp\/v2\/media\/25032"}],"wp:attachment":[{"href":"https:\/\/murter-online.com\/pl\/wp-json\/wp\/v2\/media?parent=52370"}],"wp:term":[{"taxonomy":"product_brand","embeddable":true,"href":"https:\/\/murter-online.com\/pl\/wp-json\/wp\/v2\/product_brand?post=52370"},{"taxonomy":"product_cat","embeddable":true,"href":"https:\/\/murter-online.com\/pl\/wp-json\/wp\/v2\/product_cat?post=52370"},{"taxonomy":"product_tag","embeddable":true,"href":"https:\/\/murter-online.com\/pl\/wp-json\/wp\/v2\/product_tag?post=52370"}],"curies":[{"name":"wp","href":"https:\/\/api.w.org\/{rel}","templated":true}]}}