{"id":52372,"date":"2025-01-06T12:50:10","date_gmt":"2025-01-06T12:50:10","guid":{"rendered":"https:\/\/murter.riot.hr\/?post_type=product&#038;p=52372"},"modified":"2025-04-06T15:17:28","modified_gmt":"2025-04-06T14:17:28","slug":"apartament-slanica-beach-view-a22-id-93","status":"publish","type":"product","link":"https:\/\/murter-online.com\/pl\/produkt\/apartament-slanica-beach-view-a22-id-93\/","title":{"rendered":"Apartament wakacyjny z widokiem na morze przy pla\u017cy Slanica Murter A2+2 ID 93"},"content":{"rendered":"","protected":false},"excerpt":{"rendered":"<p>Mieszkanie znajduje si\u0119 na 2 pi\u0119trze domu, dzi\u0119ki czemu z balkonu rozpo\u015bciera si\u0119 pi\u0119kny widok na pla\u017c\u0119 Slanica. Apartament wyposa\u017cony jest w klimatyzacj\u0119, telewizj\u0119 satelitarn\u0105 i bezp\u0142atne WiFi. Znajduje si\u0119 w doskona\u0142ej lokalizacji, tylko 150m od pla\u017cy Slanice, gdzie znajduj\u0105 si\u0119 bary na pla\u017cy, fast food, restauracja i sklep. Apartament znajduje si\u0119 20 minut spacerem od centrum miasta.<\/p>\n","protected":false},"featured_media":31312,"template":"","meta":{"_acf_changed":false},"product_brand":[],"product_cat":[153,131,151],"product_tag":[],"class_list":{"0":"post-52372","1":"product","2":"type-product","3":"status-publish","4":"has-post-thumbnail","6":"product_cat-apartamenty-dla-rodzin","7":"product_cat-apartamenty","8":"product_cat-apartamenty-z-widokiem-na-morze","10":"first","11":"instock","12":"sold-individually","13":"shipping-taxable","14":"purchasable","15":"product-type-phive_booking"},"acf":[],"_links":{"self":[{"href":"https:\/\/murter-online.com\/pl\/wp-json\/wp\/v2\/product\/52372","targetHints":{"allow":["GET"]}}],"collection":[{"href":"https:\/\/murter-online.com\/pl\/wp-json\/wp\/v2\/product"}],"about":[{"href":"https:\/\/murter-online.com\/pl\/wp-json\/wp\/v2\/types\/product"}],"wp:featuredmedia":[{"embeddable":true,"href":"https:\/\/murter-online.com\/pl\/wp-json\/wp\/v2\/media\/31312"}],"wp:attachment":[{"href":"https:\/\/murter-online.com\/pl\/wp-json\/wp\/v2\/media?parent=52372"}],"wp:term":[{"taxonomy":"product_brand","embeddable":true,"href":"https:\/\/murter-online.com\/pl\/wp-json\/wp\/v2\/product_brand?post=52372"},{"taxonomy":"product_cat","embeddable":true,"href":"https:\/\/murter-online.com\/pl\/wp-json\/wp\/v2\/product_cat?post=52372"},{"taxonomy":"product_tag","embeddable":true,"href":"https:\/\/murter-online.com\/pl\/wp-json\/wp\/v2\/product_tag?post=52372"}],"curies":[{"name":"wp","href":"https:\/\/api.w.org\/{rel}","templated":true}]}}