{"id":52384,"date":"2025-01-05T12:04:03","date_gmt":"2025-01-05T11:04:03","guid":{"rendered":"https:\/\/murter.riot.hr\/?post_type=product&#038;p=52384"},"modified":"2025-04-21T07:25:03","modified_gmt":"2025-04-21T06:25:03","slug":"dom-goranka-apartment-a2-studio-id-06","status":"publish","type":"product","link":"https:\/\/murter-online.com\/pl\/produkt\/dom-goranka-apartment-a2-studio-id-06\/","title":{"rendered":"Apartament wakacyjny dla 2 os\u00f3b Jelena Murter A2 studio ID 06"},"content":{"rendered":"","protected":false},"excerpt":{"rendered":"<p>Rozk\u0142ad wn\u0119trz: Apartman studio &#8211; salon, kuchnia i pok\u00f3j s\u0105 po\u0142\u0105czone Liczba \u0142azienek z prysznicem i ubikacj\u0105: 1,Wielko\u015b\u0107 tarasu: Wyposa\u017cenie wynajmowanej jednostki: Klimatyzacja,Telewizja satelitarna,Nema perilice rublja, Lod\u00f3wka,Piecyk do gotowania,Telewizja,Ogrzewanie,Aparat do gotowania kawy,Mikrofal\u00f3wka,Internet,Grill, Po\u0142o\u017cenie i wygl\u0105d zewn\u0119trzny wynajmowanego obiektu: Widok na morze, Widok na ogr\u00f3d,Osobne wej\u015bcie,Parter, Dodatkowe informacje: Wej\u015bcie od : 14sati,Wyj\u015bcie do: 10sati, Zwierz\u0119ta niedozwolone,Palenie niedozwolone, Cena obejmuje: Tygodniowa zmiana po\u015bcieli,R\u0119czniki,Naczynia i sztu\u0107ce,Zu\u017cycie pr\u0105du, wody i gazu,\u015arodki i narz\u0119dzia czysto\u015bci,Papier toaletowy (w dniu przyjazdu),Ko\u0144cowe sprz\u0105tan<\/p>\n","protected":false},"featured_media":24864,"template":"","meta":{"_acf_changed":false},"product_brand":[],"product_cat":[155],"product_tag":[],"class_list":{"0":"post-52384","1":"product","2":"type-product","3":"status-publish","4":"has-post-thumbnail","6":"product_cat-kawalerka","8":"first","9":"instock","10":"sold-individually","11":"shipping-taxable","12":"purchasable","13":"product-type-phive_booking"},"acf":[],"_links":{"self":[{"href":"https:\/\/murter-online.com\/pl\/wp-json\/wp\/v2\/product\/52384","targetHints":{"allow":["GET"]}}],"collection":[{"href":"https:\/\/murter-online.com\/pl\/wp-json\/wp\/v2\/product"}],"about":[{"href":"https:\/\/murter-online.com\/pl\/wp-json\/wp\/v2\/types\/product"}],"wp:featuredmedia":[{"embeddable":true,"href":"https:\/\/murter-online.com\/pl\/wp-json\/wp\/v2\/media\/24864"}],"wp:attachment":[{"href":"https:\/\/murter-online.com\/pl\/wp-json\/wp\/v2\/media?parent=52384"}],"wp:term":[{"taxonomy":"product_brand","embeddable":true,"href":"https:\/\/murter-online.com\/pl\/wp-json\/wp\/v2\/product_brand?post=52384"},{"taxonomy":"product_cat","embeddable":true,"href":"https:\/\/murter-online.com\/pl\/wp-json\/wp\/v2\/product_cat?post=52384"},{"taxonomy":"product_tag","embeddable":true,"href":"https:\/\/murter-online.com\/pl\/wp-json\/wp\/v2\/product_tag?post=52384"}],"curies":[{"name":"wp","href":"https:\/\/api.w.org\/{rel}","templated":true}]}}