{"id":52387,"date":"2025-01-06T13:00:28","date_gmt":"2025-01-06T13:00:28","guid":{"rendered":"https:\/\/murter.riot.hr\/?post_type=product&#038;p=52387"},"modified":"2025-04-06T14:19:04","modified_gmt":"2025-04-06T13:19:04","slug":"apartament-slanica-green-garden-a-22","status":"publish","type":"product","link":"https:\/\/murter-online.com\/pl\/produkt\/apartament-slanica-green-garden-a-22\/","title":{"rendered":"Apartament wakacyjny  przy pla\u017cy Slanica Green Garden Murter A 2+2"},"content":{"rendered":"","protected":false},"excerpt":{"rendered":"<div align=\"center\">\n<div class=\"max_width\" align=\"left\">\n<div>\n<div>Apartament blisko pla\u017cy Slanica, tylko 250 metr\u00f3w od pla\u017cy! Mieszkanie ma jedn\u0105 sypialni\u0119, w kt\u00f3rej mog\u0105 spa\u0107 dwie osoby doros\u0142e. W salonie znajduje si\u0119 sofa, kt\u00f3r\u0105 mo\u017cna wykorzysta\u0107 do spania. Na dodatkowym \u0142\u00f3\u017cku mo\u017ce spa\u0107 dwoje ma\u0142ych dzieci lub jedna osoba doros\u0142a. Apartament posiada w pe\u0142ni wyposa\u017con\u0105 kuchni\u0119, telewizj\u0119 satelitarn\u0105, klimatyzacj\u0119 oraz balkon z widokiem na morze. Parking znajduje si\u0119 przed apartamentem na podw\u00f3rku.<\/div>\n<\/div>\n<\/div>\n<\/div>\n<div align=\"center\"><\/div>\n","protected":false},"featured_media":31376,"template":"","meta":{"_acf_changed":false},"product_brand":[],"product_cat":[153,131,151],"product_tag":[],"class_list":{"0":"post-52387","1":"product","2":"type-product","3":"status-publish","4":"has-post-thumbnail","6":"product_cat-apartamenty-dla-rodzin","7":"product_cat-apartamenty","8":"product_cat-apartamenty-z-widokiem-na-morze","10":"first","11":"instock","12":"sold-individually","13":"shipping-taxable","14":"purchasable","15":"product-type-phive_booking"},"acf":[],"_links":{"self":[{"href":"https:\/\/murter-online.com\/pl\/wp-json\/wp\/v2\/product\/52387","targetHints":{"allow":["GET"]}}],"collection":[{"href":"https:\/\/murter-online.com\/pl\/wp-json\/wp\/v2\/product"}],"about":[{"href":"https:\/\/murter-online.com\/pl\/wp-json\/wp\/v2\/types\/product"}],"wp:featuredmedia":[{"embeddable":true,"href":"https:\/\/murter-online.com\/pl\/wp-json\/wp\/v2\/media\/31376"}],"wp:attachment":[{"href":"https:\/\/murter-online.com\/pl\/wp-json\/wp\/v2\/media?parent=52387"}],"wp:term":[{"taxonomy":"product_brand","embeddable":true,"href":"https:\/\/murter-online.com\/pl\/wp-json\/wp\/v2\/product_brand?post=52387"},{"taxonomy":"product_cat","embeddable":true,"href":"https:\/\/murter-online.com\/pl\/wp-json\/wp\/v2\/product_cat?post=52387"},{"taxonomy":"product_tag","embeddable":true,"href":"https:\/\/murter-online.com\/pl\/wp-json\/wp\/v2\/product_tag?post=52387"}],"curies":[{"name":"wp","href":"https:\/\/api.w.org\/{rel}","templated":true}]}}