{"id":52388,"date":"2025-01-05T10:50:12","date_gmt":"2025-01-05T10:50:12","guid":{"rendered":"https:\/\/murter.riot.hr\/?post_type=product&#038;p=52388"},"modified":"2025-04-21T07:16:49","modified_gmt":"2025-04-21T06:16:49","slug":"apartament-garden-festival-a2","status":"publish","type":"product","link":"https:\/\/murter-online.com\/pl\/produkt\/apartament-garden-festival-a2\/","title":{"rendered":"Apartament wakacyjny dla 2 os\u00f3b przy Festiwalu  Garden w Tisno A2"},"content":{"rendered":"","protected":false},"excerpt":{"rendered":"<p>Nowe iw pe\u0142ni wyposa\u017cone mieszkanie, po\u0142o\u017cone w \u015bwietnym miejscu, zaledwie 350 metr\u00f3w od Festiwalu Ogrodowego w Tisno. Apartament typu studio z podw\u00f3jnym \u0142\u00f3\u017ckiem, na kt\u00f3rym mog\u0105 spa\u0107 dwie osoby.<\/p>\n","protected":false},"featured_media":24728,"template":"","meta":{"_acf_changed":false},"product_brand":[],"product_cat":[155],"product_tag":[],"class_list":{"0":"post-52388","1":"product","2":"type-product","3":"status-publish","4":"has-post-thumbnail","6":"product_cat-kawalerka","8":"first","9":"instock","10":"sold-individually","11":"shipping-taxable","12":"purchasable","13":"product-type-phive_booking"},"acf":[],"_links":{"self":[{"href":"https:\/\/murter-online.com\/pl\/wp-json\/wp\/v2\/product\/52388","targetHints":{"allow":["GET"]}}],"collection":[{"href":"https:\/\/murter-online.com\/pl\/wp-json\/wp\/v2\/product"}],"about":[{"href":"https:\/\/murter-online.com\/pl\/wp-json\/wp\/v2\/types\/product"}],"wp:featuredmedia":[{"embeddable":true,"href":"https:\/\/murter-online.com\/pl\/wp-json\/wp\/v2\/media\/24728"}],"wp:attachment":[{"href":"https:\/\/murter-online.com\/pl\/wp-json\/wp\/v2\/media?parent=52388"}],"wp:term":[{"taxonomy":"product_brand","embeddable":true,"href":"https:\/\/murter-online.com\/pl\/wp-json\/wp\/v2\/product_brand?post=52388"},{"taxonomy":"product_cat","embeddable":true,"href":"https:\/\/murter-online.com\/pl\/wp-json\/wp\/v2\/product_cat?post=52388"},{"taxonomy":"product_tag","embeddable":true,"href":"https:\/\/murter-online.com\/pl\/wp-json\/wp\/v2\/product_tag?post=52388"}],"curies":[{"name":"wp","href":"https:\/\/api.w.org\/{rel}","templated":true}]}}