{"id":52399,"date":"2025-01-05T10:43:05","date_gmt":"2025-01-05T09:43:05","guid":{"rendered":"https:\/\/murter.riot.hr\/?post_type=product&#038;p=52399"},"modified":"2025-04-21T06:53:27","modified_gmt":"2025-04-21T05:53:27","slug":"apartament-cigrada-pool-paradise-a2-id-136","status":"publish","type":"product","link":"https:\/\/murter-online.com\/pl\/produkt\/apartament-cigrada-pool-paradise-a2-id-136\/","title":{"rendered":"Apartament wakacyjny s basenem Pool Paradise A2 ID 136"},"content":{"rendered":"","protected":false},"excerpt":{"rendered":"<p>Mieszkanie znajduje si\u0119 oko\u0142o 750 metr\u00f3w od morza. Mieszkanie ma powierzchni\u0119 30 m2. Jest to apartament typu studio dla 2 os\u00f3b. Nie ma salonu. Do dyspozycji Go\u015bci jest \u0142azienka z prysznicem. Powierzchnia balkonu \/ tarasu 10 m2. Mieszkanie znajduje si\u0119 na parterze. Mieszkanie wyposa\u017cone jest w TV, klimatyzacj\u0119, odbiornik satelitarny, bezp\u0142atne \u0142\u0105cze internetowe wifi. Parking jest wliczony w cen\u0119. Jest grill na \u015bwie\u017cym powietrzu, z kt\u00f3rego mo\u017cna korzysta\u0107. Jest odkryty basen, z kt\u00f3rego mo\u017cna korzysta\u0107. Zwierz\u0119ta domowe na zapytanie.<\/p>\n","protected":false},"featured_media":24456,"template":"","meta":{"_acf_changed":false},"product_brand":[],"product_cat":[131,152,155],"product_tag":[],"class_list":{"0":"post-52399","1":"product","2":"type-product","3":"status-publish","4":"has-post-thumbnail","6":"product_cat-apartamenty","7":"product_cat-apartamenty-z-basenem","8":"product_cat-kawalerka","10":"first","11":"instock","12":"sold-individually","13":"shipping-taxable","14":"purchasable","15":"product-type-phive_booking"},"acf":[],"_links":{"self":[{"href":"https:\/\/murter-online.com\/pl\/wp-json\/wp\/v2\/product\/52399","targetHints":{"allow":["GET"]}}],"collection":[{"href":"https:\/\/murter-online.com\/pl\/wp-json\/wp\/v2\/product"}],"about":[{"href":"https:\/\/murter-online.com\/pl\/wp-json\/wp\/v2\/types\/product"}],"wp:featuredmedia":[{"embeddable":true,"href":"https:\/\/murter-online.com\/pl\/wp-json\/wp\/v2\/media\/24456"}],"wp:attachment":[{"href":"https:\/\/murter-online.com\/pl\/wp-json\/wp\/v2\/media?parent=52399"}],"wp:term":[{"taxonomy":"product_brand","embeddable":true,"href":"https:\/\/murter-online.com\/pl\/wp-json\/wp\/v2\/product_brand?post=52399"},{"taxonomy":"product_cat","embeddable":true,"href":"https:\/\/murter-online.com\/pl\/wp-json\/wp\/v2\/product_cat?post=52399"},{"taxonomy":"product_tag","embeddable":true,"href":"https:\/\/murter-online.com\/pl\/wp-json\/wp\/v2\/product_tag?post=52399"}],"curies":[{"name":"wp","href":"https:\/\/api.w.org\/{rel}","templated":true}]}}