{"id":52403,"date":"2025-01-05T10:38:33","date_gmt":"2025-01-05T09:38:33","guid":{"rendered":"https:\/\/murter.riot.hr\/?post_type=product&#038;p=52403"},"modified":"2025-04-21T06:43:15","modified_gmt":"2025-04-21T05:43:15","slug":"apartament-centar-new-a2-id-131","status":"publish","type":"product","link":"https:\/\/murter-online.com\/pl\/produkt\/apartament-centar-new-a2-id-131\/","title":{"rendered":"Apartament dla 2+1 os\u00f3b Centrum nowe A2 ID 131"},"content":{"rendered":"","protected":false},"excerpt":{"rendered":"<p>Nowo wyremontowany, w pe\u0142ni wyposa\u017cony apartament w pobli\u017cu centrum Murter, targ Tommy, lokalna pla\u017ca Zdra\u010de. Mieszkanie znajduje si\u0119 w pobli\u017cu Mariny Murter i archeologicznej pla\u017cy Conlentum. Jest to apartament typu studio dla dw\u00f3ch os\u00f3b.<\/p>\n","protected":false},"featured_media":24400,"template":"","meta":{"_acf_changed":false},"product_brand":[],"product_cat":[155],"product_tag":[],"class_list":{"0":"post-52403","1":"product","2":"type-product","3":"status-publish","4":"has-post-thumbnail","6":"product_cat-kawalerka","8":"first","9":"instock","10":"sold-individually","11":"shipping-taxable","12":"purchasable","13":"product-type-phive_booking"},"acf":[],"_links":{"self":[{"href":"https:\/\/murter-online.com\/pl\/wp-json\/wp\/v2\/product\/52403","targetHints":{"allow":["GET"]}}],"collection":[{"href":"https:\/\/murter-online.com\/pl\/wp-json\/wp\/v2\/product"}],"about":[{"href":"https:\/\/murter-online.com\/pl\/wp-json\/wp\/v2\/types\/product"}],"wp:featuredmedia":[{"embeddable":true,"href":"https:\/\/murter-online.com\/pl\/wp-json\/wp\/v2\/media\/24400"}],"wp:attachment":[{"href":"https:\/\/murter-online.com\/pl\/wp-json\/wp\/v2\/media?parent=52403"}],"wp:term":[{"taxonomy":"product_brand","embeddable":true,"href":"https:\/\/murter-online.com\/pl\/wp-json\/wp\/v2\/product_brand?post=52403"},{"taxonomy":"product_cat","embeddable":true,"href":"https:\/\/murter-online.com\/pl\/wp-json\/wp\/v2\/product_cat?post=52403"},{"taxonomy":"product_tag","embeddable":true,"href":"https:\/\/murter-online.com\/pl\/wp-json\/wp\/v2\/product_tag?post=52403"}],"curies":[{"name":"wp","href":"https:\/\/api.w.org\/{rel}","templated":true}]}}