{"id":52412,"date":"2025-01-05T10:31:53","date_gmt":"2025-01-05T10:31:53","guid":{"rendered":"https:\/\/murter.riot.hr\/?post_type=product&#038;p=52412"},"modified":"2025-04-21T06:23:55","modified_gmt":"2025-04-21T05:23:55","slug":"zakwaterowanie-w-mieszkaniu-w-murter-2-a2-1-studio-id-231","status":"publish","type":"product","link":"https:\/\/murter-online.com\/pl\/produkt\/zakwaterowanie-w-mieszkaniu-w-murter-2-a2-1-studio-id-231\/","title":{"rendered":"Apartament dla 2+1 os\u00f3b Murter 2 studio ID 231"},"content":{"rendered":"","protected":false},"excerpt":{"rendered":"<p>Kawalerka dla dw\u00f3ch lub trzech os\u00f3b na parterze. Sk\u0142ada si\u0119 z jednego \u0142\u00f3\u017cka ma\u0142\u017ce\u0144skiego i \u0142\u00f3\u017ceczka dla dziecka (rozk\u0142adana sofa), kuchni, \u0142azienki i tarasu (15m2). Mieszkanie jest wyposa\u017cone w TV i klimatyzacj\u0119, wi-fi, mikrofal\u00f3wk\u0119 i lod\u00f3wk\u0119 z zamra\u017cark\u0105. Przed apartamentem mamy grill na \u015bwie\u017cym powietrzu, z kt\u00f3rego go\u015bcie mog\u0105 korzysta\u0107 w dowolnym momencie. Parking jest zapewniony i znajduje si\u0119 na podw\u00f3rku.<\/p>\n","protected":false},"featured_media":24308,"template":"","meta":{"_acf_changed":false},"product_brand":[],"product_cat":[155],"product_tag":[],"class_list":{"0":"post-52412","1":"product","2":"type-product","3":"status-publish","4":"has-post-thumbnail","6":"product_cat-kawalerka","8":"first","9":"instock","10":"sold-individually","11":"shipping-taxable","12":"purchasable","13":"product-type-phive_booking"},"acf":[],"_links":{"self":[{"href":"https:\/\/murter-online.com\/pl\/wp-json\/wp\/v2\/product\/52412","targetHints":{"allow":["GET"]}}],"collection":[{"href":"https:\/\/murter-online.com\/pl\/wp-json\/wp\/v2\/product"}],"about":[{"href":"https:\/\/murter-online.com\/pl\/wp-json\/wp\/v2\/types\/product"}],"wp:featuredmedia":[{"embeddable":true,"href":"https:\/\/murter-online.com\/pl\/wp-json\/wp\/v2\/media\/24308"}],"wp:attachment":[{"href":"https:\/\/murter-online.com\/pl\/wp-json\/wp\/v2\/media?parent=52412"}],"wp:term":[{"taxonomy":"product_brand","embeddable":true,"href":"https:\/\/murter-online.com\/pl\/wp-json\/wp\/v2\/product_brand?post=52412"},{"taxonomy":"product_cat","embeddable":true,"href":"https:\/\/murter-online.com\/pl\/wp-json\/wp\/v2\/product_cat?post=52412"},{"taxonomy":"product_tag","embeddable":true,"href":"https:\/\/murter-online.com\/pl\/wp-json\/wp\/v2\/product_tag?post=52412"}],"curies":[{"name":"wp","href":"https:\/\/api.w.org\/{rel}","templated":true}]}}