{"id":52418,"date":"2024-12-16T12:53:39","date_gmt":"2024-12-16T11:53:39","guid":{"rendered":"https:\/\/murter.riot.hr\/?post_type=product&#038;p=52418"},"modified":"2025-01-26T10:58:45","modified_gmt":"2025-01-26T10:58:45","slug":"dom-lostura-apartament-sea-heaven-a4-id-75","status":"publish","type":"product","link":"https:\/\/murter-online.com\/pl\/produkt\/dom-lostura-apartament-sea-heaven-a4-id-75\/","title":{"rendered":"Dom Lostura Apartament Sea Heaven A4 ID 75"},"content":{"rendered":"","protected":false},"excerpt":{"rendered":"<p>Apartament z pi\u0119knym widokiem na morze znajduje si\u0119 w doskona\u0142ej lokalizacji zaledwie 40 metr\u00f3w od morza. Posiada dwie sypialnie. Do dyspozycji Go\u015bci jest \u0142azienka z prysznicem. Powierzchnia balkonu \/ tarasu wynosi 40 m2. Mieszkanie znajduje si\u0119 na parterze. Mieszkanie wyposa\u017cone jest w TV, klimatyzacj\u0119, odbiornik satelitarny, bezp\u0142atne \u0142\u0105cze internetowe wifi. Parking jest wliczony w cen\u0119. Mieszkanie znajduje si\u0119 oko\u0142o 1000 m od centrum i 40 m od morza lub pierwszej pla\u017cy w Murter. Zwierz\u0119ta s\u0105 akceptowane. Mieszkanie znajduje si\u0119 zaledwie 2 minuty spacerem do pla\u017cy Slanica i 3 minuty spacerem do sklepu. Zaledwie 5 minut spacerem do piaszczystej pla\u017cy Podvr\u0161ke. Mieszkanie znajduje si\u0119 20 minut spacerem od centrum.<\/p>\n","protected":false},"featured_media":18160,"template":"","meta":{"_acf_changed":false},"product_brand":[],"product_cat":[153,131,151,159],"product_tag":[],"class_list":{"0":"post-52418","1":"product","2":"type-product","3":"status-publish","4":"has-post-thumbnail","6":"product_cat-apartamenty-dla-rodzin","7":"product_cat-apartamenty","8":"product_cat-apartamenty-z-widokiem-na-morze","9":"product_cat-mobilny-dom","11":"first","12":"instock","13":"sold-individually","14":"shipping-taxable","15":"purchasable","16":"product-type-phive_booking"},"acf":[],"_links":{"self":[{"href":"https:\/\/murter-online.com\/pl\/wp-json\/wp\/v2\/product\/52418","targetHints":{"allow":["GET"]}}],"collection":[{"href":"https:\/\/murter-online.com\/pl\/wp-json\/wp\/v2\/product"}],"about":[{"href":"https:\/\/murter-online.com\/pl\/wp-json\/wp\/v2\/types\/product"}],"wp:featuredmedia":[{"embeddable":true,"href":"https:\/\/murter-online.com\/pl\/wp-json\/wp\/v2\/media\/18160"}],"wp:attachment":[{"href":"https:\/\/murter-online.com\/pl\/wp-json\/wp\/v2\/media?parent=52418"}],"wp:term":[{"taxonomy":"product_brand","embeddable":true,"href":"https:\/\/murter-online.com\/pl\/wp-json\/wp\/v2\/product_brand?post=52418"},{"taxonomy":"product_cat","embeddable":true,"href":"https:\/\/murter-online.com\/pl\/wp-json\/wp\/v2\/product_cat?post=52418"},{"taxonomy":"product_tag","embeddable":true,"href":"https:\/\/murter-online.com\/pl\/wp-json\/wp\/v2\/product_tag?post=52418"}],"curies":[{"name":"wp","href":"https:\/\/api.w.org\/{rel}","templated":true}]}}