{"id":52421,"date":"2025-01-05T14:46:33","date_gmt":"2025-01-05T13:46:33","guid":{"rendered":"https:\/\/murter.riot.hr\/?post_type=product&#038;p=52421"},"modified":"2025-04-23T12:00:36","modified_gmt":"2025-04-23T11:00:36","slug":"pokoj-slanica-a2-id-171","status":"publish","type":"product","link":"https:\/\/murter-online.com\/pl\/produkt\/pokoj-slanica-a2-id-171\/","title":{"rendered":"Pok\u00f3j Slanica Murter A2 ID 171"},"content":{"rendered":"","protected":false},"excerpt":{"rendered":"<p>Pok\u00f3j dla dw\u00f3ch os\u00f3b w pobli\u017cu piaszczystej pla\u017cy Slanica. Pok\u00f3j jest niedawno odnowiony, zaledwie 200 metr\u00f3w od piaszczystej pla\u017cy Slanica. Pok\u00f3j wyposa\u017cony jest w klimatyzacj\u0119, TV, bezp\u0142atny internet, zamra\u017cark\u0119 i czajnik. Parking jest bezp\u0142atny.<\/p>\n","protected":false},"featured_media":27260,"template":"","meta":{"_acf_changed":false},"product_brand":[],"product_cat":[156],"product_tag":[],"class_list":{"0":"post-52421","1":"product","2":"type-product","3":"status-publish","4":"has-post-thumbnail","6":"product_cat-pokoje","8":"first","9":"instock","10":"sold-individually","11":"shipping-taxable","12":"purchasable","13":"product-type-phive_booking"},"acf":[],"_links":{"self":[{"href":"https:\/\/murter-online.com\/pl\/wp-json\/wp\/v2\/product\/52421","targetHints":{"allow":["GET"]}}],"collection":[{"href":"https:\/\/murter-online.com\/pl\/wp-json\/wp\/v2\/product"}],"about":[{"href":"https:\/\/murter-online.com\/pl\/wp-json\/wp\/v2\/types\/product"}],"wp:featuredmedia":[{"embeddable":true,"href":"https:\/\/murter-online.com\/pl\/wp-json\/wp\/v2\/media\/27260"}],"wp:attachment":[{"href":"https:\/\/murter-online.com\/pl\/wp-json\/wp\/v2\/media?parent=52421"}],"wp:term":[{"taxonomy":"product_brand","embeddable":true,"href":"https:\/\/murter-online.com\/pl\/wp-json\/wp\/v2\/product_brand?post=52421"},{"taxonomy":"product_cat","embeddable":true,"href":"https:\/\/murter-online.com\/pl\/wp-json\/wp\/v2\/product_cat?post=52421"},{"taxonomy":"product_tag","embeddable":true,"href":"https:\/\/murter-online.com\/pl\/wp-json\/wp\/v2\/product_tag?post=52421"}],"curies":[{"name":"wp","href":"https:\/\/api.w.org\/{rel}","templated":true}]}}