{"id":52428,"date":"2025-01-05T14:41:32","date_gmt":"2025-01-05T14:41:32","guid":{"rendered":"https:\/\/murter.riot.hr\/?post_type=product&#038;p=52428"},"modified":"2025-01-26T11:06:07","modified_gmt":"2025-01-26T11:06:07","slug":"pokoj-murter-stare-miasto-a2-id-209","status":"publish","type":"product","link":"https:\/\/murter-online.com\/pl\/produkt\/pokoj-murter-stare-miasto-a2-id-209\/","title":{"rendered":"Pok\u00f3j Murter Stare Miasto A2 ID 209"},"content":{"rendered":"","protected":false},"excerpt":{"rendered":"<p>Pok\u00f3j w Murter dla dw\u00f3ch os\u00f3b. Pok\u00f3j znajduje si\u0119 w starej cz\u0119\u015bci Murteru. Istnieje dodatkowa kuchnia, z kt\u00f3rej mo\u017cna korzysta\u0107 bezp\u0142atnie. Pok\u00f3j ma w\u0142asn\u0105 \u0142azienk\u0119, taras jest dzielony z innym pokojem i jednym apartamentem z jedn\u0105 sypialni\u0105. Parking jest dost\u0119pny i bezp\u0142atny. Najbli\u017csza pla\u017ca to \u010cigra\u0111a.<\/p>\n","protected":false},"featured_media":27112,"template":"","meta":{"_acf_changed":false},"product_brand":[],"product_cat":[156],"product_tag":[],"class_list":{"0":"post-52428","1":"product","2":"type-product","3":"status-publish","4":"has-post-thumbnail","6":"product_cat-pokoje","8":"first","9":"instock","10":"sold-individually","11":"shipping-taxable","12":"purchasable","13":"product-type-phive_booking"},"acf":[],"_links":{"self":[{"href":"https:\/\/murter-online.com\/pl\/wp-json\/wp\/v2\/product\/52428","targetHints":{"allow":["GET"]}}],"collection":[{"href":"https:\/\/murter-online.com\/pl\/wp-json\/wp\/v2\/product"}],"about":[{"href":"https:\/\/murter-online.com\/pl\/wp-json\/wp\/v2\/types\/product"}],"wp:featuredmedia":[{"embeddable":true,"href":"https:\/\/murter-online.com\/pl\/wp-json\/wp\/v2\/media\/27112"}],"wp:attachment":[{"href":"https:\/\/murter-online.com\/pl\/wp-json\/wp\/v2\/media?parent=52428"}],"wp:term":[{"taxonomy":"product_brand","embeddable":true,"href":"https:\/\/murter-online.com\/pl\/wp-json\/wp\/v2\/product_brand?post=52428"},{"taxonomy":"product_cat","embeddable":true,"href":"https:\/\/murter-online.com\/pl\/wp-json\/wp\/v2\/product_cat?post=52428"},{"taxonomy":"product_tag","embeddable":true,"href":"https:\/\/murter-online.com\/pl\/wp-json\/wp\/v2\/product_tag?post=52428"}],"curies":[{"name":"wp","href":"https:\/\/api.w.org\/{rel}","templated":true}]}}