{"id":52433,"date":"2025-01-05T14:38:27","date_gmt":"2025-01-05T14:38:27","guid":{"rendered":"https:\/\/murter.riot.hr\/?post_type=product&#038;p=52433"},"modified":"2025-01-26T11:09:24","modified_gmt":"2025-01-26T11:09:24","slug":"pokoj-murter-center-a3","status":"publish","type":"product","link":"https:\/\/murter-online.com\/pl\/produkt\/pokoj-murter-center-a3\/","title":{"rendered":"Pok\u00f3j Murter Center A3"},"content":{"rendered":"","protected":false},"excerpt":{"rendered":"<p>Pok\u00f3j dla 3 os\u00f3b w centrum Murteru! Znajduje si\u0119 w doskona\u0142ej pozycji! Tylko 250 metr\u00f3w od centrum Murteru i 200 metr\u00f3w od miejskiej pla\u017cy Zdra\u010de w Betinie. Pok\u00f3j posiada w\u0142asn\u0105 \u0142azienk\u0119, klimatyzacj\u0119, WiFi, lod\u00f3wk\u0119 oraz parking przed budynkiem. Korzystanie z po\u015bcieli i r\u0119cznik\u00f3w jest wliczone w cen\u0119. Je\u015bli pok\u00f3j wynajmowany jest tylko na jedn\u0105 noc, cena wynosi 68 euro \/ pok\u00f3j \/ noc.<\/p>\n","protected":false},"featured_media":27068,"template":"","meta":{"_acf_changed":false},"product_brand":[],"product_cat":[156],"product_tag":[],"class_list":{"0":"post-52433","1":"product","2":"type-product","3":"status-publish","4":"has-post-thumbnail","6":"product_cat-pokoje","8":"first","9":"instock","10":"sold-individually","11":"shipping-taxable","12":"purchasable","13":"product-type-phive_booking"},"acf":[],"_links":{"self":[{"href":"https:\/\/murter-online.com\/pl\/wp-json\/wp\/v2\/product\/52433","targetHints":{"allow":["GET"]}}],"collection":[{"href":"https:\/\/murter-online.com\/pl\/wp-json\/wp\/v2\/product"}],"about":[{"href":"https:\/\/murter-online.com\/pl\/wp-json\/wp\/v2\/types\/product"}],"wp:featuredmedia":[{"embeddable":true,"href":"https:\/\/murter-online.com\/pl\/wp-json\/wp\/v2\/media\/27068"}],"wp:attachment":[{"href":"https:\/\/murter-online.com\/pl\/wp-json\/wp\/v2\/media?parent=52433"}],"wp:term":[{"taxonomy":"product_brand","embeddable":true,"href":"https:\/\/murter-online.com\/pl\/wp-json\/wp\/v2\/product_brand?post=52433"},{"taxonomy":"product_cat","embeddable":true,"href":"https:\/\/murter-online.com\/pl\/wp-json\/wp\/v2\/product_cat?post=52433"},{"taxonomy":"product_tag","embeddable":true,"href":"https:\/\/murter-online.com\/pl\/wp-json\/wp\/v2\/product_tag?post=52433"}],"curies":[{"name":"wp","href":"https:\/\/api.w.org\/{rel}","templated":true}]}}