{"id":52447,"date":"2025-01-05T14:07:13","date_gmt":"2025-01-05T13:07:13","guid":{"rendered":"https:\/\/murter.riot.hr\/?post_type=product&#038;p=52447"},"modified":"2025-01-26T11:24:27","modified_gmt":"2025-01-26T11:24:27","slug":"pokoj-marina-murter-a2-126","status":"publish","type":"product","link":"https:\/\/murter-online.com\/pl\/produkt\/pokoj-marina-murter-a2-126\/","title":{"rendered":"Pok\u00f3j Marina Murter A2 126"},"content":{"rendered":"","protected":false},"excerpt":{"rendered":"<p>Pok\u00f3j jest w pe\u0142ni wyposa\u017cony, 250 metr\u00f3w od pierwszej pla\u017cy. Pok\u00f3j ma powierzchni\u0119 10 m2. Istnieje podw\u00f3jne \u0142\u00f3\u017cko dla 2 os\u00f3b. Do dyspozycji Go\u015bci jest \u0142azienka z prysznicem. Pok\u00f3j znajduje si\u0119 na parterze. W pokoju lod\u00f3wka, Wi-fi. Parking jest dost\u0119pny i bezp\u0142atny. Zwierz\u0119ta s\u0105 akceptowane za dodatkow\u0105 op\u0142at\u0105.<\/p>\n","protected":false},"featured_media":26972,"template":"","meta":{"_acf_changed":false},"product_brand":[],"product_cat":[156],"product_tag":[],"class_list":{"0":"post-52447","1":"product","2":"type-product","3":"status-publish","4":"has-post-thumbnail","6":"product_cat-pokoje","8":"first","9":"instock","10":"sold-individually","11":"shipping-taxable","12":"purchasable","13":"product-type-phive_booking"},"acf":[],"_links":{"self":[{"href":"https:\/\/murter-online.com\/pl\/wp-json\/wp\/v2\/product\/52447","targetHints":{"allow":["GET"]}}],"collection":[{"href":"https:\/\/murter-online.com\/pl\/wp-json\/wp\/v2\/product"}],"about":[{"href":"https:\/\/murter-online.com\/pl\/wp-json\/wp\/v2\/types\/product"}],"wp:featuredmedia":[{"embeddable":true,"href":"https:\/\/murter-online.com\/pl\/wp-json\/wp\/v2\/media\/26972"}],"wp:attachment":[{"href":"https:\/\/murter-online.com\/pl\/wp-json\/wp\/v2\/media?parent=52447"}],"wp:term":[{"taxonomy":"product_brand","embeddable":true,"href":"https:\/\/murter-online.com\/pl\/wp-json\/wp\/v2\/product_brand?post=52447"},{"taxonomy":"product_cat","embeddable":true,"href":"https:\/\/murter-online.com\/pl\/wp-json\/wp\/v2\/product_cat?post=52447"},{"taxonomy":"product_tag","embeddable":true,"href":"https:\/\/murter-online.com\/pl\/wp-json\/wp\/v2\/product_tag?post=52447"}],"curies":[{"name":"wp","href":"https:\/\/api.w.org\/{rel}","templated":true}]}}