{"id":52450,"date":"2025-01-06T14:09:57","date_gmt":"2025-01-06T14:09:57","guid":{"rendered":"https:\/\/murter.riot.hr\/?post_type=product&#038;p=52450"},"modified":"2025-04-06T13:21:34","modified_gmt":"2025-04-06T12:21:34","slug":"apartment-slanica-murter-gaby-a21-id-12","status":"publish","type":"product","link":"https:\/\/murter-online.com\/pl\/produkt\/apartment-slanica-murter-gaby-a21-id-12\/","title":{"rendered":"Apartament wakacyjny  blisko pla\u017cy Slanica Gaby Murter  A2+1 ID 12"},"content":{"rendered":"","protected":false},"excerpt":{"rendered":"<p>Apartament znajduje si\u0119 w doskona\u0142ej lokalizacji, zaledwie 250m. daleko od morza. Apartament wyposa\u017cony jest w telewizor, piekarnik, klimatyzacj\u0119. W apartamencie znajduje si\u0119 \u0142azienka z prysznicem. Tam jest salon. Powierzchnia mieszkalna wynosi 40 m2. a balkon \/ taras ma powierzchni\u0119 20 m2. W apartamencie mog\u0105 spa\u0107 3 osoby na g\u0142\u00f3wnych \u0142\u00f3\u017ckach i 1 osoba na rozk\u0142adanej sofie w salonie. Mieszkanie znajduje si\u0119 na pierwszym pi\u0119trze. Zwierz\u0119ta &#8211; niedozwolone. Mieszkanie ma w\u0142asny bezp\u0142atny parking. Jest otwarty grill. Mieszkanie ma 1000m. daleko od centrum i oko\u0142o 250m. daleko od morza lub pierwszej pla\u017cy w Murter &#8211;<\/p>\n","protected":false},"featured_media":31616,"template":"","meta":{"_acf_changed":false},"product_brand":[],"product_cat":[153,131],"product_tag":[],"class_list":{"0":"post-52450","1":"product","2":"type-product","3":"status-publish","4":"has-post-thumbnail","6":"product_cat-apartamenty-dla-rodzin","7":"product_cat-apartamenty","9":"first","10":"instock","11":"sold-individually","12":"shipping-taxable","13":"purchasable","14":"product-type-phive_booking"},"acf":[],"_links":{"self":[{"href":"https:\/\/murter-online.com\/pl\/wp-json\/wp\/v2\/product\/52450","targetHints":{"allow":["GET"]}}],"collection":[{"href":"https:\/\/murter-online.com\/pl\/wp-json\/wp\/v2\/product"}],"about":[{"href":"https:\/\/murter-online.com\/pl\/wp-json\/wp\/v2\/types\/product"}],"wp:featuredmedia":[{"embeddable":true,"href":"https:\/\/murter-online.com\/pl\/wp-json\/wp\/v2\/media\/31616"}],"wp:attachment":[{"href":"https:\/\/murter-online.com\/pl\/wp-json\/wp\/v2\/media?parent=52450"}],"wp:term":[{"taxonomy":"product_brand","embeddable":true,"href":"https:\/\/murter-online.com\/pl\/wp-json\/wp\/v2\/product_brand?post=52450"},{"taxonomy":"product_cat","embeddable":true,"href":"https:\/\/murter-online.com\/pl\/wp-json\/wp\/v2\/product_cat?post=52450"},{"taxonomy":"product_tag","embeddable":true,"href":"https:\/\/murter-online.com\/pl\/wp-json\/wp\/v2\/product_tag?post=52450"}],"curies":[{"name":"wp","href":"https:\/\/api.w.org\/{rel}","templated":true}]}}