{"id":52452,"date":"2025-01-03T16:03:25","date_gmt":"2025-01-03T16:03:25","guid":{"rendered":"https:\/\/murter.riot.hr\/?post_type=product&#038;p=52452"},"modified":"2025-04-19T19:20:06","modified_gmt":"2025-04-19T18:20:06","slug":"apartament-z-basenem-a4-id-16","status":"publish","type":"product","link":"https:\/\/murter-online.com\/pl\/produkt\/apartament-z-basenem-a4-id-16\/","title":{"rendered":"Apartament z basenem w willi w Murter A4 ID 16"},"content":{"rendered":"","protected":false},"excerpt":{"rendered":"<p>Odleg\u0142o\u015b\u0107 od morza: 200m, Odleg\u0142o\u015b\u0107 od centrum: 600m, Odleg\u0142o\u015b\u0107 od pla\u017cy: 200m, Liczba os\u00f3b: 4 Liczba pokoji: 2, Liczba \u0142azienek: 1, Powierzchnia: 45m2, Telewizja satelitarna Klimatyzacja Rozk\u0142ad wn\u0119trz: Salon i kuchnia s\u0105 po\u0142\u0105czone Liczba sypialni z \u0142\u00f3\u017ckiem ma\u0142\u017ce\u0144skim: 2,Liczba \u0142azienek z prysznicem i ubikacj\u0105: 1,Wielko\u015b\u0107 tarasu: 8m2 Wyposa\u017cenie wynajmowanej jednostki: Klimatyzacja,Telewizja satelitarna,Pralka, Lod\u00f3wka,Piecyk do gotowania,Telewizja,Ogrzewanie,Radio\/CD,Zmywarka do naczy\u0144,Internet,Grill, Po\u0142o\u017cenie i wygl\u0105d zewn\u0119trzny wynajmowanego obiektu: Nie ma widoku na morze, Widok na ogr\u00f3d,Wsp\u00f3lne wej\u015bcie,Pierwsze pi\u0119tro, Dodatkowe informacje: Wej\u015bcie od : 14sati,Wyj\u015bcie do: 10sati, Zwierz\u0119ta niedozwolone,Palenie dozwolone, Cena obejmuje: Tygodniowa zmiana po\u015bcieli,R\u0119czniki,Naczynia i sztu\u0107ce,Zu\u017cycie pr\u0105du, wody i gazu,\u015arodki i narz\u0119dzia czysto\u015bci,Papier toaletowy (w dniu przyjazdu). Sprz\u0105tanie ko\u0144cowe obj\u0119te jest dodatkow\u0105 op\u0142at\u0105 w wysoko\u015bci 50 euro. Kaucja w przypadku szk\u00f3d wynosi 150,00 EUR.<\/p>\n","protected":false},"featured_media":23680,"template":"","meta":{"_acf_changed":false},"product_brand":[],"product_cat":[153,152,157],"product_tag":[],"class_list":{"0":"post-52452","1":"product","2":"type-product","3":"status-publish","4":"has-post-thumbnail","6":"product_cat-apartamenty-dla-rodzin","7":"product_cat-apartamenty-z-basenem","8":"product_cat-domy-wakacyjne-wille","10":"first","11":"instock","12":"sold-individually","13":"shipping-taxable","14":"purchasable","15":"product-type-phive_booking"},"acf":[],"_links":{"self":[{"href":"https:\/\/murter-online.com\/pl\/wp-json\/wp\/v2\/product\/52452","targetHints":{"allow":["GET"]}}],"collection":[{"href":"https:\/\/murter-online.com\/pl\/wp-json\/wp\/v2\/product"}],"about":[{"href":"https:\/\/murter-online.com\/pl\/wp-json\/wp\/v2\/types\/product"}],"wp:featuredmedia":[{"embeddable":true,"href":"https:\/\/murter-online.com\/pl\/wp-json\/wp\/v2\/media\/23680"}],"wp:attachment":[{"href":"https:\/\/murter-online.com\/pl\/wp-json\/wp\/v2\/media?parent=52452"}],"wp:term":[{"taxonomy":"product_brand","embeddable":true,"href":"https:\/\/murter-online.com\/pl\/wp-json\/wp\/v2\/product_brand?post=52452"},{"taxonomy":"product_cat","embeddable":true,"href":"https:\/\/murter-online.com\/pl\/wp-json\/wp\/v2\/product_cat?post=52452"},{"taxonomy":"product_tag","embeddable":true,"href":"https:\/\/murter-online.com\/pl\/wp-json\/wp\/v2\/product_tag?post=52452"}],"curies":[{"name":"wp","href":"https:\/\/api.w.org\/{rel}","templated":true}]}}