{"id":52462,"date":"2025-01-03T15:45:09","date_gmt":"2025-01-03T14:45:09","guid":{"rendered":"https:\/\/murter.riot.hr\/?post_type=product&#038;p=52462"},"modified":"2025-01-26T13:09:11","modified_gmt":"2025-01-26T13:09:11","slug":"apartament-z-miejscem-do-cumowania-lodzi-murter-kornati-a6-id-258","status":"publish","type":"product","link":"https:\/\/murter-online.com\/pl\/produkt\/apartament-z-miejscem-do-cumowania-lodzi-murter-kornati-a6-id-258\/","title":{"rendered":"Apartament z miejscem do cumowania \u0142odzi Murter Kornati A6 ID 258"},"content":{"rendered":"","protected":false},"excerpt":{"rendered":"<p>Mieszkanie znajduje si\u0119 na drugim pi\u0119trze domu. Apartament posiada 3 sypialnie, w kt\u00f3rych mo\u017ce spa\u0107 6 os\u00f3b doros\u0142ych. Mieszkanie posiada dwie \u0142azienki. Apartament posiada taras z widokiem na morze. Apartament znajduje si\u0119 50 metr\u00f3w od morza i pla\u017cy. Apartament znajduje si\u0119 450 metr\u00f3w od lokalnej pla\u017cy Luke i 550 metr\u00f3w od piaszczystej pla\u017cy Podvr\u0161ke. Mieszkanie jest w pe\u0142ni wyposa\u017cone. Apartament posiada mo\u017cliwo\u015b\u0107 przycumowania \u0142odzi, co jest dodatkowo p\u0142atne. Przed apartamentem znajduje si\u0119 grill, z kt\u00f3rego mo\u017cna korzysta\u0107 bezp\u0142atnie. Parking znajduje si\u0119 na podw\u00f3rku przed apartamentem i mo\u017cna z niego korzysta\u0107 bezp\u0142atnie.<\/p>\n","protected":false},"featured_media":23076,"template":"","meta":{"_acf_changed":false},"product_brand":[],"product_cat":[153],"product_tag":[],"class_list":{"0":"post-52462","1":"product","2":"type-product","3":"status-publish","4":"has-post-thumbnail","6":"product_cat-apartamenty-dla-rodzin","8":"first","9":"instock","10":"sold-individually","11":"shipping-taxable","12":"purchasable","13":"product-type-phive_booking"},"acf":[],"_links":{"self":[{"href":"https:\/\/murter-online.com\/pl\/wp-json\/wp\/v2\/product\/52462","targetHints":{"allow":["GET"]}}],"collection":[{"href":"https:\/\/murter-online.com\/pl\/wp-json\/wp\/v2\/product"}],"about":[{"href":"https:\/\/murter-online.com\/pl\/wp-json\/wp\/v2\/types\/product"}],"wp:featuredmedia":[{"embeddable":true,"href":"https:\/\/murter-online.com\/pl\/wp-json\/wp\/v2\/media\/23076"}],"wp:attachment":[{"href":"https:\/\/murter-online.com\/pl\/wp-json\/wp\/v2\/media?parent=52462"}],"wp:term":[{"taxonomy":"product_brand","embeddable":true,"href":"https:\/\/murter-online.com\/pl\/wp-json\/wp\/v2\/product_brand?post=52462"},{"taxonomy":"product_cat","embeddable":true,"href":"https:\/\/murter-online.com\/pl\/wp-json\/wp\/v2\/product_cat?post=52462"},{"taxonomy":"product_tag","embeddable":true,"href":"https:\/\/murter-online.com\/pl\/wp-json\/wp\/v2\/product_tag?post=52462"}],"curies":[{"name":"wp","href":"https:\/\/api.w.org\/{rel}","templated":true}]}}