{"id":52467,"date":"2025-01-03T15:38:50","date_gmt":"2025-01-03T14:38:50","guid":{"rendered":"https:\/\/murter.riot.hr\/?post_type=product&#038;p=52467"},"modified":"2025-05-01T19:43:50","modified_gmt":"2025-05-01T18:43:50","slug":"dom-renata-apartament-luxury-place-a6-id-72","status":"publish","type":"product","link":"https:\/\/murter-online.com\/pl\/produkt\/dom-renata-apartament-luxury-place-a6-id-72\/","title":{"rendered":"Apartament z basenem Renata Murter A6 ID 72"},"content":{"rendered":"","protected":false},"excerpt":{"rendered":"<p>Mieszkanie znajduje si\u0119 na parterze i sk\u0142ada si\u0119 z trzech dwuosobowych sypialni, du\u017cego salonu z jadalni\u0105 oraz dw\u00f3ch \u0142azienek. Z pi\u0119knego tarasu, na kt\u00f3rym na dw\u00f3ch 12-osobowych sto\u0142ach mo\u017cna zakwaterowa\u0107 nawet swoich go\u015bci, rozpo\u015bciera si\u0119 widok na basen, kominek ogrodowy, a wszystko to z upajaj\u0105cym zapachem lawendy, rozmarynu i zi\u00f3\u0142, kt\u00f3re s\u0105 na wyci\u0105gni\u0119cie r\u0119ki.<\/p>\n","protected":false},"featured_media":23008,"template":"","meta":{"_acf_changed":false},"product_brand":[],"product_cat":[153],"product_tag":[],"class_list":{"0":"post-52467","1":"product","2":"type-product","3":"status-publish","4":"has-post-thumbnail","6":"product_cat-apartamenty-dla-rodzin","8":"first","9":"instock","10":"sold-individually","11":"shipping-taxable","12":"purchasable","13":"product-type-phive_booking"},"acf":[],"_links":{"self":[{"href":"https:\/\/murter-online.com\/pl\/wp-json\/wp\/v2\/product\/52467","targetHints":{"allow":["GET"]}}],"collection":[{"href":"https:\/\/murter-online.com\/pl\/wp-json\/wp\/v2\/product"}],"about":[{"href":"https:\/\/murter-online.com\/pl\/wp-json\/wp\/v2\/types\/product"}],"wp:featuredmedia":[{"embeddable":true,"href":"https:\/\/murter-online.com\/pl\/wp-json\/wp\/v2\/media\/23008"}],"wp:attachment":[{"href":"https:\/\/murter-online.com\/pl\/wp-json\/wp\/v2\/media?parent=52467"}],"wp:term":[{"taxonomy":"product_brand","embeddable":true,"href":"https:\/\/murter-online.com\/pl\/wp-json\/wp\/v2\/product_brand?post=52467"},{"taxonomy":"product_cat","embeddable":true,"href":"https:\/\/murter-online.com\/pl\/wp-json\/wp\/v2\/product_cat?post=52467"},{"taxonomy":"product_tag","embeddable":true,"href":"https:\/\/murter-online.com\/pl\/wp-json\/wp\/v2\/product_tag?post=52467"}],"curies":[{"name":"wp","href":"https:\/\/api.w.org\/{rel}","templated":true}]}}