{"id":52475,"date":"2025-01-03T15:28:38","date_gmt":"2025-01-03T14:28:38","guid":{"rendered":"https:\/\/murter.riot.hr\/?post_type=product&#038;p=52475"},"modified":"2025-04-26T10:37:43","modified_gmt":"2025-04-26T09:37:43","slug":"apartament-murter-centar-blanca-a62-id-58","status":"publish","type":"product","link":"https:\/\/murter-online.com\/pl\/produkt\/apartament-murter-centar-blanca-a62-id-58\/","title":{"rendered":"Apartament wakacyjny dla rodziny Blanca Murter A6+2 ID 58"},"content":{"rendered":"","protected":false},"excerpt":{"rendered":"<p>Mieszkanie znajduje si\u0119 w doskona\u0142ej lokalizacji, zaledwie 300 metr\u00f3w od morza. Mieszkanie ma powierzchni\u0119 100 m2. Posiada trzy sypialnie, kt\u00f3re mog\u0105 pomie\u015bci\u0107 6 os\u00f3b doros\u0142ych. Posiada salon, w kt\u00f3rym mo\u017cna spa\u0107 &#8211; Ma dodatkowe \u0142\u00f3\u017cko dla dw\u00f3ch os\u00f3b. Posiada \u0142azienk\u0119 z prysznicem. Powierzchnia balkonu \/ tarasu wynosi 20 m2. Mieszkanie znajduje si\u0119 na pierwszym pi\u0119trze. Mieszkanie wyposa\u017cone jest w TV, klimatyzacj\u0119, odbiornik satelitarny, piekarnik, bezp\u0142atne \u0142\u0105cze internetowe WiFi, pralk\u0119, zmywark\u0119. Parking jest wliczony w cen\u0119. Mieszkanie znajduje si\u0119 oko\u0142o 300 m od centrum i 300 m od morza lub pierwszej pla\u017cy w Murter. Zwierz\u0119ta nie s\u0105 akceptowane.<\/p>\n","protected":false},"featured_media":22732,"template":"","meta":{"_acf_changed":false},"product_brand":[],"product_cat":[153],"product_tag":[],"class_list":{"0":"post-52475","1":"product","2":"type-product","3":"status-publish","4":"has-post-thumbnail","6":"product_cat-apartamenty-dla-rodzin","8":"first","9":"instock","10":"sold-individually","11":"shipping-taxable","12":"purchasable","13":"product-type-phive_booking"},"acf":[],"_links":{"self":[{"href":"https:\/\/murter-online.com\/pl\/wp-json\/wp\/v2\/product\/52475","targetHints":{"allow":["GET"]}}],"collection":[{"href":"https:\/\/murter-online.com\/pl\/wp-json\/wp\/v2\/product"}],"about":[{"href":"https:\/\/murter-online.com\/pl\/wp-json\/wp\/v2\/types\/product"}],"wp:featuredmedia":[{"embeddable":true,"href":"https:\/\/murter-online.com\/pl\/wp-json\/wp\/v2\/media\/22732"}],"wp:attachment":[{"href":"https:\/\/murter-online.com\/pl\/wp-json\/wp\/v2\/media?parent=52475"}],"wp:term":[{"taxonomy":"product_brand","embeddable":true,"href":"https:\/\/murter-online.com\/pl\/wp-json\/wp\/v2\/product_brand?post=52475"},{"taxonomy":"product_cat","embeddable":true,"href":"https:\/\/murter-online.com\/pl\/wp-json\/wp\/v2\/product_cat?post=52475"},{"taxonomy":"product_tag","embeddable":true,"href":"https:\/\/murter-online.com\/pl\/wp-json\/wp\/v2\/product_tag?post=52475"}],"curies":[{"name":"wp","href":"https:\/\/api.w.org\/{rel}","templated":true}]}}