{"id":52477,"date":"2025-01-03T15:25:05","date_gmt":"2025-01-03T15:25:05","guid":{"rendered":"https:\/\/murter.riot.hr\/?post_type=product&#038;p=52477"},"modified":"2025-05-01T12:56:56","modified_gmt":"2025-05-01T11:56:56","slug":"apartament-murter-zatoka-goranka-62-id-01","status":"publish","type":"product","link":"https:\/\/murter-online.com\/pl\/produkt\/apartament-murter-zatoka-goranka-62-id-01\/","title":{"rendered":"Apartament wakacyjny dla rodziny Jelena Murter 6+2 ID 01"},"content":{"rendered":"","protected":false},"excerpt":{"rendered":"<p>Rozk\u0142ad wn\u0119trz: Kuchnia,Salon,Jadalnia, Liczba dodatkowych \u0142\u00f3\u017cek w salonie: 2,Liczba sypialni z \u0142\u00f3\u017ckiem ma\u0142\u017ce\u0144skim: 3,Liczba \u0142azienek z wann\u0105 i ubikacj\u0105: 2,Wielko\u015b\u0107 tarasu: 15m2 Wyposa\u017cenie wynajmowanej jednostki: Klimatyzacja,Telewizja satelitarna,Nema perilice rublja, Lod\u00f3wka,Piecyk do gotowania,Telewizja,Ogrzewanie,Aparat do gotowania kawy,Mikrofal\u00f3wka,Zmywarka do naczy\u0144,Internet,Grill, Po\u0142o\u017cenie i wygl\u0105d zewn\u0119trzny wynajmowanego obiektu: Nie ma widoku na morze, Widok na spokojn\u0105 ulic\u0119,Osobne wej\u015bcie,Parter, Dodatkowe informacje: Wej\u015bcie od : 14sati,Wyj\u015bcie do: 10sati, Zwierz\u0119ta niedozwolone,Palenie niedozwolone, Cena obejmuje: Tygodniowa zmiana po\u015bcieli,R\u0119czniki,Naczynia i sztu\u0107ce,Zu\u017cycie pr\u0105du, wody i gazu,\u015arodki i narz\u0119dzia czysto\u015bci,Papier toaletowy (w dniu przyjazdu),Ko\u0144cowe sprz\u0105tanie,<\/p>\n","protected":false},"featured_media":22608,"template":"","meta":{"_acf_changed":false},"product_brand":[],"product_cat":[153],"product_tag":[],"class_list":{"0":"post-52477","1":"product","2":"type-product","3":"status-publish","4":"has-post-thumbnail","6":"product_cat-apartamenty-dla-rodzin","8":"first","9":"instock","10":"sold-individually","11":"shipping-taxable","12":"purchasable","13":"product-type-phive_booking"},"acf":[],"_links":{"self":[{"href":"https:\/\/murter-online.com\/pl\/wp-json\/wp\/v2\/product\/52477","targetHints":{"allow":["GET"]}}],"collection":[{"href":"https:\/\/murter-online.com\/pl\/wp-json\/wp\/v2\/product"}],"about":[{"href":"https:\/\/murter-online.com\/pl\/wp-json\/wp\/v2\/types\/product"}],"wp:featuredmedia":[{"embeddable":true,"href":"https:\/\/murter-online.com\/pl\/wp-json\/wp\/v2\/media\/22608"}],"wp:attachment":[{"href":"https:\/\/murter-online.com\/pl\/wp-json\/wp\/v2\/media?parent=52477"}],"wp:term":[{"taxonomy":"product_brand","embeddable":true,"href":"https:\/\/murter-online.com\/pl\/wp-json\/wp\/v2\/product_brand?post=52477"},{"taxonomy":"product_cat","embeddable":true,"href":"https:\/\/murter-online.com\/pl\/wp-json\/wp\/v2\/product_cat?post=52477"},{"taxonomy":"product_tag","embeddable":true,"href":"https:\/\/murter-online.com\/pl\/wp-json\/wp\/v2\/product_tag?post=52477"}],"curies":[{"name":"wp","href":"https:\/\/api.w.org\/{rel}","templated":true}]}}