{"id":52489,"date":"2025-01-03T14:59:22","date_gmt":"2025-01-03T13:59:22","guid":{"rendered":"https:\/\/murter.riot.hr\/?post_type=product&#038;p=52489"},"modified":"2025-04-26T07:06:21","modified_gmt":"2025-04-26T06:06:21","slug":"apartament-kornatska-hidden-place-a6-id-117","status":"publish","type":"product","link":"https:\/\/murter-online.com\/pl\/produkt\/apartament-kornatska-hidden-place-a6-id-117\/","title":{"rendered":"apartament wakacyjny dla rodziny Kornatska Hidden Place Murter A6 ID 117"},"content":{"rendered":"","protected":false},"excerpt":{"rendered":"<p>Apartament z pi\u0119knym widokiem na morze znajduje si\u0119 w dobrej lokalizacji 350m. od morza. Apartament wyposa\u017cony jest w tv, piekarnik, BEZP\u0141ATNE po\u0142\u0105czenie internetowe Wi-Fi. Apartament posiada \u0142azienk\u0119 z prysznicem. Jest pok\u00f3j dzienny, w kt\u00f3rym mo\u017cesz spa\u0107.. Powierzchnia mieszkalna ma 60 m2. a balkon \/ taras ma 15 m2. W apartamencie mo\u017ce spa\u0107 4 os\u00f3b na g\u0142\u00f3wnych \u0142\u00f3\u017ckach a 1 osoba na rozk\u0142adanej sofie w salonie Apartament znajduje si\u0119 na parterze. Zwierz\u0119ta domowe &#8211; zgodnie z ustaleniami. apartament ma sw\u00f3j w\u0142asny bezp\u0142atny parking. Jest otwarty grill. Apartament jest 450m. daleko od centrum i oko\u0142o 350m. daleko od morza lub pierwszej pla\u017cy w Murter<\/p>\n","protected":false},"featured_media":22224,"template":"","meta":{"_acf_changed":false},"product_brand":[],"product_cat":[153],"product_tag":[],"class_list":{"0":"post-52489","1":"product","2":"type-product","3":"status-publish","4":"has-post-thumbnail","6":"product_cat-apartamenty-dla-rodzin","8":"first","9":"instock","10":"sold-individually","11":"shipping-taxable","12":"purchasable","13":"product-type-phive_booking"},"acf":[],"_links":{"self":[{"href":"https:\/\/murter-online.com\/pl\/wp-json\/wp\/v2\/product\/52489","targetHints":{"allow":["GET"]}}],"collection":[{"href":"https:\/\/murter-online.com\/pl\/wp-json\/wp\/v2\/product"}],"about":[{"href":"https:\/\/murter-online.com\/pl\/wp-json\/wp\/v2\/types\/product"}],"wp:featuredmedia":[{"embeddable":true,"href":"https:\/\/murter-online.com\/pl\/wp-json\/wp\/v2\/media\/22224"}],"wp:attachment":[{"href":"https:\/\/murter-online.com\/pl\/wp-json\/wp\/v2\/media?parent=52489"}],"wp:term":[{"taxonomy":"product_brand","embeddable":true,"href":"https:\/\/murter-online.com\/pl\/wp-json\/wp\/v2\/product_brand?post=52489"},{"taxonomy":"product_cat","embeddable":true,"href":"https:\/\/murter-online.com\/pl\/wp-json\/wp\/v2\/product_cat?post=52489"},{"taxonomy":"product_tag","embeddable":true,"href":"https:\/\/murter-online.com\/pl\/wp-json\/wp\/v2\/product_tag?post=52489"}],"curies":[{"name":"wp","href":"https:\/\/api.w.org\/{rel}","templated":true}]}}