{"id":52491,"date":"2025-01-11T09:17:54","date_gmt":"2025-01-11T08:17:54","guid":{"rendered":"https:\/\/murter.riot.hr\/?post_type=product&#038;p=52491"},"modified":"2025-04-19T19:43:54","modified_gmt":"2025-04-19T18:43:54","slug":"dom-renata-apartament-pool-view-a4-id-73","status":"publish","type":"product","link":"https:\/\/murter-online.com\/pl\/produkt\/dom-renata-apartament-pool-view-a4-id-73\/","title":{"rendered":"Apartament z basenem w willi w Murter A4 ID 73"},"content":{"rendered":"","protected":false},"excerpt":{"rendered":"<p>Kameralne mieszkanie na pierwszym pi\u0119trze Mieszkanie znajduje si\u0119 na pierwszym pi\u0119trze kamiennej willi, sk\u0142ada si\u0119 z dw\u00f3ch sypialni dwuosobowych, ma\u0142ego salonu z kuchni\u0105 i \u0142azienki. Z romantycznego tarasu mo\u017cna podziwia\u0107 widok na basen i odurzaj\u0105ce zapachy \u015br\u00f3dziemnomorskich zi\u00f3\u0142.<\/p>\n","protected":false},"featured_media":44536,"template":"","meta":{"_acf_changed":false},"product_brand":[],"product_cat":[153,131,152,157],"product_tag":[],"class_list":{"0":"post-52491","1":"product","2":"type-product","3":"status-publish","4":"has-post-thumbnail","6":"product_cat-apartamenty-dla-rodzin","7":"product_cat-apartamenty","8":"product_cat-apartamenty-z-basenem","9":"product_cat-domy-wakacyjne-wille","11":"first","12":"instock","13":"sold-individually","14":"shipping-taxable","15":"purchasable","16":"product-type-phive_booking"},"acf":[],"_links":{"self":[{"href":"https:\/\/murter-online.com\/pl\/wp-json\/wp\/v2\/product\/52491","targetHints":{"allow":["GET"]}}],"collection":[{"href":"https:\/\/murter-online.com\/pl\/wp-json\/wp\/v2\/product"}],"about":[{"href":"https:\/\/murter-online.com\/pl\/wp-json\/wp\/v2\/types\/product"}],"wp:featuredmedia":[{"embeddable":true,"href":"https:\/\/murter-online.com\/pl\/wp-json\/wp\/v2\/media\/44536"}],"wp:attachment":[{"href":"https:\/\/murter-online.com\/pl\/wp-json\/wp\/v2\/media?parent=52491"}],"wp:term":[{"taxonomy":"product_brand","embeddable":true,"href":"https:\/\/murter-online.com\/pl\/wp-json\/wp\/v2\/product_brand?post=52491"},{"taxonomy":"product_cat","embeddable":true,"href":"https:\/\/murter-online.com\/pl\/wp-json\/wp\/v2\/product_cat?post=52491"},{"taxonomy":"product_tag","embeddable":true,"href":"https:\/\/murter-online.com\/pl\/wp-json\/wp\/v2\/product_tag?post=52491"}],"curies":[{"name":"wp","href":"https:\/\/api.w.org\/{rel}","templated":true}]}}