{"id":52496,"date":"2025-01-05T10:27:40","date_gmt":"2025-01-05T09:27:40","guid":{"rendered":"https:\/\/murter.riot.hr\/?post_type=product&#038;p=52496"},"modified":"2025-05-01T07:45:45","modified_gmt":"2025-05-01T06:45:45","slug":"apartman-dragica-a71-id-24","status":"publish","type":"product","link":"https:\/\/murter-online.com\/pl\/produkt\/apartman-dragica-a71-id-24\/","title":{"rendered":"Apartament wakacyjny blisko pla\u017cy Slanica Dragica Murter A7+1 ID 24"},"content":{"rendered":"","protected":false},"excerpt":{"rendered":"<p>Mieszkanie znajduje si\u0119 w doskona\u0142ej lokalizacji, zaledwie 400 metr\u00f3w od morza. Mieszkanie ma powierzchni\u0119 100 m2. Posiada cztery sypialnie, w kt\u00f3rych mo\u017ce spa\u0107 7 os\u00f3b doros\u0142ych. Posiada pok\u00f3j dzienny, kt\u00f3ry mo\u017ce s\u0142u\u017cy\u0107 do spania &#8211; Posiada dodatkowe \u0142\u00f3\u017cko dla jednej osoby. Posiada \u0142azienk\u0119 z prysznicem. Powierzchnia balkonu\/tarasu wynosi 25 m2. Mieszkanie znajduje si\u0119 na pierwszym pi\u0119trze domu. Mieszkanie jest wyposa\u017cone w telewizor, piekarnik, pralk\u0119. Parking jest zapewniony i wliczony w cen\u0119. Mieszkanie znajduje si\u0119 oko\u0142o 1000 m. 400 m od centrum miasta. od morza lub pierwszej pla\u017cy w Murter. Zwierz\u0119ta s\u0105 akceptowane za dodatkow\u0105 op\u0142at\u0105.<\/p>\n","protected":false},"featured_media":24192,"template":"","meta":{"_acf_changed":false},"product_brand":[],"product_cat":[153,131],"product_tag":[],"class_list":{"0":"post-52496","1":"product","2":"type-product","3":"status-publish","4":"has-post-thumbnail","6":"product_cat-apartamenty-dla-rodzin","7":"product_cat-apartamenty","9":"first","10":"instock","11":"sold-individually","12":"shipping-taxable","13":"purchasable","14":"product-type-phive_booking"},"acf":[],"_links":{"self":[{"href":"https:\/\/murter-online.com\/pl\/wp-json\/wp\/v2\/product\/52496","targetHints":{"allow":["GET"]}}],"collection":[{"href":"https:\/\/murter-online.com\/pl\/wp-json\/wp\/v2\/product"}],"about":[{"href":"https:\/\/murter-online.com\/pl\/wp-json\/wp\/v2\/types\/product"}],"wp:featuredmedia":[{"embeddable":true,"href":"https:\/\/murter-online.com\/pl\/wp-json\/wp\/v2\/media\/24192"}],"wp:attachment":[{"href":"https:\/\/murter-online.com\/pl\/wp-json\/wp\/v2\/media?parent=52496"}],"wp:term":[{"taxonomy":"product_brand","embeddable":true,"href":"https:\/\/murter-online.com\/pl\/wp-json\/wp\/v2\/product_brand?post=52496"},{"taxonomy":"product_cat","embeddable":true,"href":"https:\/\/murter-online.com\/pl\/wp-json\/wp\/v2\/product_cat?post=52496"},{"taxonomy":"product_tag","embeddable":true,"href":"https:\/\/murter-online.com\/pl\/wp-json\/wp\/v2\/product_tag?post=52496"}],"curies":[{"name":"wp","href":"https:\/\/api.w.org\/{rel}","templated":true}]}}