{"id":52502,"date":"2025-01-06T14:21:29","date_gmt":"2025-01-06T14:21:29","guid":{"rendered":"https:\/\/murter.riot.hr\/?post_type=product&#038;p=52502"},"modified":"2025-04-06T11:07:53","modified_gmt":"2025-04-06T10:07:53","slug":"apartament-slanica-new-sea-view-a3-id-172","status":"publish","type":"product","link":"https:\/\/murter-online.com\/pl\/produkt\/apartament-slanica-new-sea-view-a3-id-172\/","title":{"rendered":"Apartament wakacyjne Murter z widokiem na morze  blisko pla\u017cy Slanica A3 ID 172"},"content":{"rendered":"","protected":false},"excerpt":{"rendered":"<p>Apartament ma powierzchni\u0119 28 m2. Jest to apartament typu studio, kt\u00f3ry mo\u017ce pomie\u015bci\u0107 3 osoby doros\u0142e. Apartament posiada balkon z widokiem na morze i ogr\u00f3d. Do dyspozycji Go\u015bci jest bezp\u0142atne WiFi oraz bezp\u0142atne miejsce parkingowe przed obiektem. Apartament posiada \u0142azienk\u0119 z prysznicem, toalet\u0105, suszark\u0105 do w\u0142os\u00f3w. Kuchnia w pe\u0142ni wyposa\u017cona. Jest grill na \u015bwie\u017cym powietrzu, z kt\u00f3rego mo\u017cna korzysta\u0107.<\/p>\n","protected":false},"featured_media":31680,"template":"","meta":{"_acf_changed":false},"product_brand":[],"product_cat":[153,131,151],"product_tag":[],"class_list":{"0":"post-52502","1":"product","2":"type-product","3":"status-publish","4":"has-post-thumbnail","6":"product_cat-apartamenty-dla-rodzin","7":"product_cat-apartamenty","8":"product_cat-apartamenty-z-widokiem-na-morze","10":"first","11":"instock","12":"sold-individually","13":"shipping-taxable","14":"purchasable","15":"product-type-phive_booking"},"acf":[],"_links":{"self":[{"href":"https:\/\/murter-online.com\/pl\/wp-json\/wp\/v2\/product\/52502","targetHints":{"allow":["GET"]}}],"collection":[{"href":"https:\/\/murter-online.com\/pl\/wp-json\/wp\/v2\/product"}],"about":[{"href":"https:\/\/murter-online.com\/pl\/wp-json\/wp\/v2\/types\/product"}],"wp:featuredmedia":[{"embeddable":true,"href":"https:\/\/murter-online.com\/pl\/wp-json\/wp\/v2\/media\/31680"}],"wp:attachment":[{"href":"https:\/\/murter-online.com\/pl\/wp-json\/wp\/v2\/media?parent=52502"}],"wp:term":[{"taxonomy":"product_brand","embeddable":true,"href":"https:\/\/murter-online.com\/pl\/wp-json\/wp\/v2\/product_brand?post=52502"},{"taxonomy":"product_cat","embeddable":true,"href":"https:\/\/murter-online.com\/pl\/wp-json\/wp\/v2\/product_cat?post=52502"},{"taxonomy":"product_tag","embeddable":true,"href":"https:\/\/murter-online.com\/pl\/wp-json\/wp\/v2\/product_tag?post=52502"}],"curies":[{"name":"wp","href":"https:\/\/api.w.org\/{rel}","templated":true}]}}