{"id":52514,"date":"2025-01-06T14:47:47","date_gmt":"2025-01-06T14:47:47","guid":{"rendered":"https:\/\/murter.riot.hr\/?post_type=product&#038;p=52514"},"modified":"2025-04-05T07:40:19","modified_gmt":"2025-04-05T06:40:19","slug":"apartament-slanica-sabina-sunny-coast-a31-id-63","status":"publish","type":"product","link":"https:\/\/murter-online.com\/pl\/produkt\/apartament-slanica-sabina-sunny-coast-a31-id-63\/","title":{"rendered":"Apartament wakacyjny blisko pla\u017cy Sabina Murter A3+1 ID 63"},"content":{"rendered":"","protected":false},"excerpt":{"rendered":"<p>Apartament Sabina Sunny coast A3 + 1 ID 63 znajduje si\u0119 w cichej i spokojnej okolicy. Piaszczysta pla\u017ca Slanica znajduje si\u0119 zaledwie 5 minut spacerem od apartamentu, znajduje si\u0119 tam r\u00f3wnie\u017c miejska pla\u017ca \u0141ukasza. Apartament znajduje si\u0119 15 minut spacerem od centrum miasta Znajduje si\u0119 na parterze domu rodzinnego. Apartament wyposa\u017cony jest w WiFi, klimatyzacj\u0119 i telewizj\u0119 satelitarn\u0105. Sprz\u0105tanie ko\u0144cowe, po\u015bciel i r\u0119czniki s\u0105 wliczone w cen\u0119.<\/p>\n","protected":false},"featured_media":31908,"template":"","meta":{"_acf_changed":false},"product_brand":[],"product_cat":[153,131],"product_tag":[],"class_list":{"0":"post-52514","1":"product","2":"type-product","3":"status-publish","4":"has-post-thumbnail","6":"product_cat-apartamenty-dla-rodzin","7":"product_cat-apartamenty","9":"first","10":"instock","11":"sold-individually","12":"shipping-taxable","13":"purchasable","14":"product-type-phive_booking"},"acf":[],"_links":{"self":[{"href":"https:\/\/murter-online.com\/pl\/wp-json\/wp\/v2\/product\/52514","targetHints":{"allow":["GET"]}}],"collection":[{"href":"https:\/\/murter-online.com\/pl\/wp-json\/wp\/v2\/product"}],"about":[{"href":"https:\/\/murter-online.com\/pl\/wp-json\/wp\/v2\/types\/product"}],"wp:featuredmedia":[{"embeddable":true,"href":"https:\/\/murter-online.com\/pl\/wp-json\/wp\/v2\/media\/31908"}],"wp:attachment":[{"href":"https:\/\/murter-online.com\/pl\/wp-json\/wp\/v2\/media?parent=52514"}],"wp:term":[{"taxonomy":"product_brand","embeddable":true,"href":"https:\/\/murter-online.com\/pl\/wp-json\/wp\/v2\/product_brand?post=52514"},{"taxonomy":"product_cat","embeddable":true,"href":"https:\/\/murter-online.com\/pl\/wp-json\/wp\/v2\/product_cat?post=52514"},{"taxonomy":"product_tag","embeddable":true,"href":"https:\/\/murter-online.com\/pl\/wp-json\/wp\/v2\/product_tag?post=52514"}],"curies":[{"name":"wp","href":"https:\/\/api.w.org\/{rel}","templated":true}]}}