{"id":52517,"date":"2025-01-06T15:13:08","date_gmt":"2025-01-06T15:13:08","guid":{"rendered":"https:\/\/murter.riot.hr\/?post_type=product&#038;p=52517"},"modified":"2025-04-05T06:44:12","modified_gmt":"2025-04-05T05:44:12","slug":"apartament-slanica-sandy-paradise-a31-id-173","status":"publish","type":"product","link":"https:\/\/murter-online.com\/pl\/produkt\/apartament-slanica-sandy-paradise-a31-id-173\/","title":{"rendered":"Apartament wakacyjny  blisko pla\u017cy Slanica Murter A3+1 ID 173"},"content":{"rendered":"","protected":false},"excerpt":{"rendered":"<p>Apartament ma powierzchni\u0119 38 m2. Jest to apartament z jedn\u0105 sypialni\u0105, kt\u00f3ry mo\u017ce pomie\u015bci\u0107 4 osoby. W sypialni znajduj\u0105 si\u0119 trzy g\u0142\u00f3wne \u0142\u00f3\u017cka, w mieszkaniu jest pok\u00f3j dzienny, w kt\u00f3rym znajduje si\u0119 rozk\u0142adana sofa, na kt\u00f3rej mo\u017cna spa\u0107. Apartament posiada balkon z widokiem na morze i ogr\u00f3d. Go\u015bcie apartament\u00f3w maj\u0105 do dyspozycji bezp\u0142atne WiFi oraz bezp\u0142atny parking przed obiektem. Apartament posiada \u0142azienk\u0119 z prysznicem, toalet\u0105, suszark\u0105 do w\u0142os\u00f3w. Kuchnia w pe\u0142ni wyposa\u017cona. Jest grill na \u015bwie\u017cym powietrzu, z kt\u00f3rego mo\u017cna korzysta\u0107.<\/p>\n","protected":false},"featured_media":32488,"template":"","meta":{"_acf_changed":false},"product_brand":[],"product_cat":[153,131],"product_tag":[],"class_list":{"0":"post-52517","1":"product","2":"type-product","3":"status-publish","4":"has-post-thumbnail","6":"product_cat-apartamenty-dla-rodzin","7":"product_cat-apartamenty","9":"first","10":"instock","11":"sold-individually","12":"shipping-taxable","13":"purchasable","14":"product-type-phive_booking"},"acf":[],"_links":{"self":[{"href":"https:\/\/murter-online.com\/pl\/wp-json\/wp\/v2\/product\/52517","targetHints":{"allow":["GET"]}}],"collection":[{"href":"https:\/\/murter-online.com\/pl\/wp-json\/wp\/v2\/product"}],"about":[{"href":"https:\/\/murter-online.com\/pl\/wp-json\/wp\/v2\/types\/product"}],"wp:featuredmedia":[{"embeddable":true,"href":"https:\/\/murter-online.com\/pl\/wp-json\/wp\/v2\/media\/32488"}],"wp:attachment":[{"href":"https:\/\/murter-online.com\/pl\/wp-json\/wp\/v2\/media?parent=52517"}],"wp:term":[{"taxonomy":"product_brand","embeddable":true,"href":"https:\/\/murter-online.com\/pl\/wp-json\/wp\/v2\/product_brand?post=52517"},{"taxonomy":"product_cat","embeddable":true,"href":"https:\/\/murter-online.com\/pl\/wp-json\/wp\/v2\/product_cat?post=52517"},{"taxonomy":"product_tag","embeddable":true,"href":"https:\/\/murter-online.com\/pl\/wp-json\/wp\/v2\/product_tag?post=52517"}],"curies":[{"name":"wp","href":"https:\/\/api.w.org\/{rel}","templated":true}]}}