{"id":52540,"date":"2025-01-06T16:41:00","date_gmt":"2025-01-06T16:41:00","guid":{"rendered":"https:\/\/murter.riot.hr\/?post_type=product&#038;p=52540"},"modified":"2025-04-04T11:45:48","modified_gmt":"2025-04-04T10:45:48","slug":"dom-slavica-apartament-slavica-jersane-seafront-a2-id-35","status":"publish","type":"product","link":"https:\/\/murter-online.com\/pl\/produkt\/dom-slavica-apartament-slavica-jersane-seafront-a2-id-35\/","title":{"rendered":"Apartament z miejscem na \u0142\u00f3dk\u0119 Murter A2 ID 35"},"content":{"rendered":"","protected":false},"excerpt":{"rendered":"<p>Apartament z pi\u0119knym widokiem na morze znajduje si\u0119 w doskona\u0142ej lokalizacji, zaledwie 30 m. daleko od morza. Apartament wyposa\u017cony jest w telewizor, klimatyzacj\u0119. W apartamencie znajduje si\u0119 \u0142azienka z prysznicem. Jest salon, w kt\u00f3rym mo\u017cna spa\u0107. Powierzchnia mieszkalna wynosi 30 m2. a balkon \/ taras ma 5 m2. W apartamencie mog\u0105 spa\u0107 2 osoby na g\u0142\u00f3wnych \u0142\u00f3\u017ckach i 1 osoba na rozk\u0142adanej sofie w salonie. Mieszkanie znajduje si\u0119 na drugim pi\u0119trze. Zwierz\u0119ta &#8211; niedozwolone. Mieszkanie ma w\u0142asny bezp\u0142atny parking. Mieszkanie ma w\u0142asn\u0105 przysta\u0144 dla \u0142odzi &#8211; za dodatkow\u0105 op\u0142at\u0105<\/p>\n","protected":false},"featured_media":33096,"template":"","meta":{"_acf_changed":false},"product_brand":[],"product_cat":[131,154,151],"product_tag":[],"class_list":{"0":"post-52540","1":"product","2":"type-product","3":"status-publish","4":"has-post-thumbnail","6":"product_cat-apartamenty","7":"product_cat-apartamenty-z-miejscem-do-cumowania-lodzi","8":"product_cat-apartamenty-z-widokiem-na-morze","10":"first","11":"instock","12":"sold-individually","13":"shipping-taxable","14":"purchasable","15":"product-type-phive_booking"},"acf":[],"_links":{"self":[{"href":"https:\/\/murter-online.com\/pl\/wp-json\/wp\/v2\/product\/52540","targetHints":{"allow":["GET"]}}],"collection":[{"href":"https:\/\/murter-online.com\/pl\/wp-json\/wp\/v2\/product"}],"about":[{"href":"https:\/\/murter-online.com\/pl\/wp-json\/wp\/v2\/types\/product"}],"wp:featuredmedia":[{"embeddable":true,"href":"https:\/\/murter-online.com\/pl\/wp-json\/wp\/v2\/media\/33096"}],"wp:attachment":[{"href":"https:\/\/murter-online.com\/pl\/wp-json\/wp\/v2\/media?parent=52540"}],"wp:term":[{"taxonomy":"product_brand","embeddable":true,"href":"https:\/\/murter-online.com\/pl\/wp-json\/wp\/v2\/product_brand?post=52540"},{"taxonomy":"product_cat","embeddable":true,"href":"https:\/\/murter-online.com\/pl\/wp-json\/wp\/v2\/product_cat?post=52540"},{"taxonomy":"product_tag","embeddable":true,"href":"https:\/\/murter-online.com\/pl\/wp-json\/wp\/v2\/product_tag?post=52540"}],"curies":[{"name":"wp","href":"https:\/\/api.w.org\/{rel}","templated":true}]}}