{"id":52544,"date":"2025-01-06T17:06:15","date_gmt":"2025-01-06T17:06:15","guid":{"rendered":"https:\/\/murter.riot.hr\/?post_type=product&#038;p=52544"},"modified":"2025-04-19T07:35:54","modified_gmt":"2025-04-19T06:35:54","slug":"dom-slavica-apartament-jersane-seashell-a2-id-60","status":"publish","type":"product","link":"https:\/\/murter-online.com\/pl\/produkt\/dom-slavica-apartament-jersane-seashell-a2-id-60\/","title":{"rendered":"Apartament z miejscem do cumowania \u0142odzi Slavica Murter A2 ID 60"},"content":{"rendered":"","protected":false},"excerpt":{"rendered":"<p>Apartament Slavica Jersane Seashell A2 ID 60 znajduje si\u0119 kilka metr\u00f3w od pla\u017cy miejskiej Luka. Znajduje si\u0119 w cichej i spokojnej okolicy. Mieszkanie posiada przestronny balkon, z kt\u00f3rego mo\u017cna podziwia\u0107 widoki na morze, \u0142odzie i okoliczne wyspy. Apartament wyposa\u017cony jest w klimatyzacj\u0119, telewizj\u0119 satelitarn\u0105 i bezp\u0142atne WiFi Po\u015bciel, r\u0119czniki i ko\u0144cowe sprz\u0105tanie s\u0105 wliczone w cen\u0119.<\/p>\n","protected":false},"featured_media":33168,"template":"","meta":{"_acf_changed":false},"product_brand":[],"product_cat":[131,154,151],"product_tag":[],"class_list":{"0":"post-52544","1":"product","2":"type-product","3":"status-publish","4":"has-post-thumbnail","6":"product_cat-apartamenty","7":"product_cat-apartamenty-z-miejscem-do-cumowania-lodzi","8":"product_cat-apartamenty-z-widokiem-na-morze","10":"first","11":"instock","12":"sold-individually","13":"shipping-taxable","14":"purchasable","15":"product-type-phive_booking"},"acf":[],"_links":{"self":[{"href":"https:\/\/murter-online.com\/pl\/wp-json\/wp\/v2\/product\/52544","targetHints":{"allow":["GET"]}}],"collection":[{"href":"https:\/\/murter-online.com\/pl\/wp-json\/wp\/v2\/product"}],"about":[{"href":"https:\/\/murter-online.com\/pl\/wp-json\/wp\/v2\/types\/product"}],"wp:featuredmedia":[{"embeddable":true,"href":"https:\/\/murter-online.com\/pl\/wp-json\/wp\/v2\/media\/33168"}],"wp:attachment":[{"href":"https:\/\/murter-online.com\/pl\/wp-json\/wp\/v2\/media?parent=52544"}],"wp:term":[{"taxonomy":"product_brand","embeddable":true,"href":"https:\/\/murter-online.com\/pl\/wp-json\/wp\/v2\/product_brand?post=52544"},{"taxonomy":"product_cat","embeddable":true,"href":"https:\/\/murter-online.com\/pl\/wp-json\/wp\/v2\/product_cat?post=52544"},{"taxonomy":"product_tag","embeddable":true,"href":"https:\/\/murter-online.com\/pl\/wp-json\/wp\/v2\/product_tag?post=52544"}],"curies":[{"name":"wp","href":"https:\/\/api.w.org\/{rel}","templated":true}]}}