{"id":52562,"date":"2025-01-06T17:49:09","date_gmt":"2025-01-06T17:49:09","guid":{"rendered":"https:\/\/murter.riot.hr\/?post_type=product&#038;p=52562"},"modified":"2025-04-04T09:01:47","modified_gmt":"2025-04-04T08:01:47","slug":"apartament-lato-w-murter-a2-2-id-98","status":"publish","type":"product","link":"https:\/\/murter-online.com\/pl\/produkt\/apartament-lato-w-murter-a2-2-id-98\/","title":{"rendered":"Apartament wakacyjne blisko pla\u017cy Slanica Murter A2 + 2 ID 98"},"content":{"rendered":"","protected":false},"excerpt":{"rendered":"<p>Apartament Red Joy A2 + 2 ID 98 znajduje si\u0119 w doskona\u0142ej lokalizacji &#8211; Jest po\u0142o\u017cony w pobli\u017cu piaszczystej pla\u017cy Slanica &#8211; Mieszkanie sk\u0142ada si\u0119 z sypialni z podw\u00f3jnym \u0142\u00f3\u017ckiem i sof\u0105, na kt\u00f3rej mo\u017ce spa\u0107 1 lub 2 osoby. &#8211; Mieszkanie posiada taras i grill na \u015bwie\u017cym powietrzu, z kt\u00f3rego mo\u017cna korzysta\u0107 &#8211; To oko\u0142o 15 minut spacerem od centrum.<\/p>\n","protected":false},"featured_media":60588,"template":"","meta":{"_acf_changed":false},"product_brand":[],"product_cat":[153],"product_tag":[],"class_list":{"0":"post-52562","1":"product","2":"type-product","3":"status-publish","4":"has-post-thumbnail","6":"product_cat-apartamenty-dla-rodzin","8":"first","9":"instock","10":"sold-individually","11":"shipping-taxable","12":"purchasable","13":"product-type-phive_booking"},"acf":[],"_links":{"self":[{"href":"https:\/\/murter-online.com\/pl\/wp-json\/wp\/v2\/product\/52562","targetHints":{"allow":["GET"]}}],"collection":[{"href":"https:\/\/murter-online.com\/pl\/wp-json\/wp\/v2\/product"}],"about":[{"href":"https:\/\/murter-online.com\/pl\/wp-json\/wp\/v2\/types\/product"}],"wp:featuredmedia":[{"embeddable":true,"href":"https:\/\/murter-online.com\/pl\/wp-json\/wp\/v2\/media\/60588"}],"wp:attachment":[{"href":"https:\/\/murter-online.com\/pl\/wp-json\/wp\/v2\/media?parent=52562"}],"wp:term":[{"taxonomy":"product_brand","embeddable":true,"href":"https:\/\/murter-online.com\/pl\/wp-json\/wp\/v2\/product_brand?post=52562"},{"taxonomy":"product_cat","embeddable":true,"href":"https:\/\/murter-online.com\/pl\/wp-json\/wp\/v2\/product_cat?post=52562"},{"taxonomy":"product_tag","embeddable":true,"href":"https:\/\/murter-online.com\/pl\/wp-json\/wp\/v2\/product_tag?post=52562"}],"curies":[{"name":"wp","href":"https:\/\/api.w.org\/{rel}","templated":true}]}}