{"id":52566,"date":"2025-01-06T18:56:58","date_gmt":"2025-01-06T18:56:58","guid":{"rendered":"https:\/\/murter.riot.hr\/?post_type=product&#038;p=52566"},"modified":"2025-04-03T19:34:43","modified_gmt":"2025-04-03T18:34:43","slug":"dom-petra-marine-view-apartament-verde-a21-id-88","status":"publish","type":"product","link":"https:\/\/murter-online.com\/pl\/produkt\/dom-petra-marine-view-apartament-verde-a21-id-88\/","title":{"rendered":"Apartament wakacyjne przy pla\u017cy Colentum Murter A2+1 ID 88"},"content":{"rendered":"","protected":false},"excerpt":{"rendered":"<p>Mieszkanie zlokalizowane jest w pobli\u017cu przystani Murter &#8211; Hramine. W pobli\u017cu mieszkania znajduje si\u0119 centrum Murter, do kt\u00f3rego mo\u017cna doj\u015b\u0107 w zaledwie kilka minut. Pierwsza pla\u017ca znajduje si\u0119 zaledwie 180 m od hotelu (pla\u017ca miejska). W pobli\u017cu mieszkania znajduje si\u0119 stacja benzynowa, supermarket, restauracje i kawiarnie. Mieszkanie posiada balkon i widok na morze. Apartament wyposa\u017cony jest w klimatyzacj\u0119, WiFi i telewizj\u0119 satelitarn\u0105. Po\u015bciel, r\u0119czniki i ko\u0144cowe sprz\u0105tanie s\u0105 wliczone w cen\u0119.<\/p>\n","protected":false},"featured_media":34444,"template":"","meta":{"_acf_changed":false},"product_brand":[],"product_cat":[153,131,151],"product_tag":[],"class_list":{"0":"post-52566","1":"product","2":"type-product","3":"status-publish","4":"has-post-thumbnail","6":"product_cat-apartamenty-dla-rodzin","7":"product_cat-apartamenty","8":"product_cat-apartamenty-z-widokiem-na-morze","10":"first","11":"instock","12":"sold-individually","13":"shipping-taxable","14":"purchasable","15":"product-type-phive_booking"},"acf":[],"_links":{"self":[{"href":"https:\/\/murter-online.com\/pl\/wp-json\/wp\/v2\/product\/52566","targetHints":{"allow":["GET"]}}],"collection":[{"href":"https:\/\/murter-online.com\/pl\/wp-json\/wp\/v2\/product"}],"about":[{"href":"https:\/\/murter-online.com\/pl\/wp-json\/wp\/v2\/types\/product"}],"wp:featuredmedia":[{"embeddable":true,"href":"https:\/\/murter-online.com\/pl\/wp-json\/wp\/v2\/media\/34444"}],"wp:attachment":[{"href":"https:\/\/murter-online.com\/pl\/wp-json\/wp\/v2\/media?parent=52566"}],"wp:term":[{"taxonomy":"product_brand","embeddable":true,"href":"https:\/\/murter-online.com\/pl\/wp-json\/wp\/v2\/product_brand?post=52566"},{"taxonomy":"product_cat","embeddable":true,"href":"https:\/\/murter-online.com\/pl\/wp-json\/wp\/v2\/product_cat?post=52566"},{"taxonomy":"product_tag","embeddable":true,"href":"https:\/\/murter-online.com\/pl\/wp-json\/wp\/v2\/product_tag?post=52566"}],"curies":[{"name":"wp","href":"https:\/\/api.w.org\/{rel}","templated":true}]}}