{"id":52574,"date":"2025-01-06T19:46:50","date_gmt":"2025-01-06T19:46:50","guid":{"rendered":"https:\/\/murter.riot.hr\/?post_type=product&#038;p=52574"},"modified":"2025-04-26T11:56:54","modified_gmt":"2025-04-26T10:56:54","slug":"dom-vlado-apartment-a3-id-29","status":"publish","type":"product","link":"https:\/\/murter-online.com\/pl\/produkt\/dom-vlado-apartment-a3-id-29\/","title":{"rendered":"Apartament wakacyjny dla 3 os\u00f3b Slanica Murter A3 ID 29"},"content":{"rendered":"","protected":false},"excerpt":{"rendered":"<p>32 m\u00b2 Balkon Klimaanlage Patio \/ Veranda Eigenes Badezimmer Kostenfreies WLAN! Kostenfreie Parkpl\u00e4tze Gr\u00f6\u00dfe des Apartments: 32 m\u00b2 In Ihrem eigenen Badezimmer: Kostenlose Pflegeprodukte WC Badewanne oder Dusche Handt\u00fccher Toilettenpapier Ausstattung des Apartments: \u200bBettw\u00e4sche Schrank Klimaanlage Fliesen-\/Marmorboden Privater Eingang Ventilator K\u00fcche K\u00fchlschrank K\u00fcchenutensilien Wasserkocher Herdplatte Esstisch Essbereich TV Balkon Terrasse Patio \/ Veranda Grill Steckdose in Bettn\u00e4he Parkpl\u00e4tze: \u200bPrivate Parkpl\u00e4tze stehen kostenfrei an der Unterkunft (Reservierung ist nicht erforderlich) zur Verf\u00fcgung.<\/p>\n","protected":false},"featured_media":34604,"template":"","meta":{"_acf_changed":false},"product_brand":[],"product_cat":[153,131],"product_tag":[],"class_list":{"0":"post-52574","1":"product","2":"type-product","3":"status-publish","4":"has-post-thumbnail","6":"product_cat-apartamenty-dla-rodzin","7":"product_cat-apartamenty","9":"first","10":"instock","11":"sold-individually","12":"shipping-taxable","13":"purchasable","14":"product-type-phive_booking"},"acf":[],"_links":{"self":[{"href":"https:\/\/murter-online.com\/pl\/wp-json\/wp\/v2\/product\/52574","targetHints":{"allow":["GET"]}}],"collection":[{"href":"https:\/\/murter-online.com\/pl\/wp-json\/wp\/v2\/product"}],"about":[{"href":"https:\/\/murter-online.com\/pl\/wp-json\/wp\/v2\/types\/product"}],"wp:featuredmedia":[{"embeddable":true,"href":"https:\/\/murter-online.com\/pl\/wp-json\/wp\/v2\/media\/34604"}],"wp:attachment":[{"href":"https:\/\/murter-online.com\/pl\/wp-json\/wp\/v2\/media?parent=52574"}],"wp:term":[{"taxonomy":"product_brand","embeddable":true,"href":"https:\/\/murter-online.com\/pl\/wp-json\/wp\/v2\/product_brand?post=52574"},{"taxonomy":"product_cat","embeddable":true,"href":"https:\/\/murter-online.com\/pl\/wp-json\/wp\/v2\/product_cat?post=52574"},{"taxonomy":"product_tag","embeddable":true,"href":"https:\/\/murter-online.com\/pl\/wp-json\/wp\/v2\/product_tag?post=52574"}],"curies":[{"name":"wp","href":"https:\/\/api.w.org\/{rel}","templated":true}]}}