{"id":52578,"date":"2025-01-06T19:56:28","date_gmt":"2025-01-06T19:56:28","guid":{"rendered":"https:\/\/murter.riot.hr\/?post_type=product&#038;p=52578"},"modified":"2025-01-26T16:28:49","modified_gmt":"2025-01-26T16:28:49","slug":"apartament-z-miejscem-do-cumowania-lodzi-murter-kornati-a21-id-259","status":"publish","type":"product","link":"https:\/\/murter-online.com\/pl\/produkt\/apartament-z-miejscem-do-cumowania-lodzi-murter-kornati-a21-id-259\/","title":{"rendered":"Apartament z miejscem do cumowania \u0142odzi Murter Kornati A2+1 id 259"},"content":{"rendered":"","protected":false},"excerpt":{"rendered":"<p>Apartament dla maks. 3 osoby znajduje si\u0119 na drugim pi\u0119trze domu. Apartament posiada widok na morze. Apartament posiada jedn\u0105 sypialni\u0119, w kt\u00f3rej mog\u0105 spa\u0107 2 osoby doros\u0142e, w salonie znajduje si\u0119 dodatkowe \u0142\u00f3\u017cko (sofa), kt\u00f3re mo\u017cna wykorzysta\u0107 do spania. Mieszkanie jest wyposa\u017cone w zmywark\u0119, pralk\u0119, klimatyzacj\u0119 i bezprzewodowy dost\u0119p do Internetu. Na dziedzi\u0144cu apartamentu znajduje si\u0119 bezp\u0142atny parking dla samochodu. Na zewn\u0105trz znajduje si\u0119 grill, z kt\u00f3rego mo\u017cna korzysta\u0107 bezp\u0142atnie.<\/p>\n","protected":false},"featured_media":34648,"template":"","meta":{"_acf_changed":false},"product_brand":[],"product_cat":[151],"product_tag":[],"class_list":{"0":"post-52578","1":"product","2":"type-product","3":"status-publish","4":"has-post-thumbnail","6":"product_cat-apartamenty-z-widokiem-na-morze","8":"first","9":"instock","10":"sold-individually","11":"shipping-taxable","12":"purchasable","13":"product-type-phive_booking"},"acf":[],"_links":{"self":[{"href":"https:\/\/murter-online.com\/pl\/wp-json\/wp\/v2\/product\/52578","targetHints":{"allow":["GET"]}}],"collection":[{"href":"https:\/\/murter-online.com\/pl\/wp-json\/wp\/v2\/product"}],"about":[{"href":"https:\/\/murter-online.com\/pl\/wp-json\/wp\/v2\/types\/product"}],"wp:featuredmedia":[{"embeddable":true,"href":"https:\/\/murter-online.com\/pl\/wp-json\/wp\/v2\/media\/34648"}],"wp:attachment":[{"href":"https:\/\/murter-online.com\/pl\/wp-json\/wp\/v2\/media?parent=52578"}],"wp:term":[{"taxonomy":"product_brand","embeddable":true,"href":"https:\/\/murter-online.com\/pl\/wp-json\/wp\/v2\/product_brand?post=52578"},{"taxonomy":"product_cat","embeddable":true,"href":"https:\/\/murter-online.com\/pl\/wp-json\/wp\/v2\/product_cat?post=52578"},{"taxonomy":"product_tag","embeddable":true,"href":"https:\/\/murter-online.com\/pl\/wp-json\/wp\/v2\/product_tag?post=52578"}],"curies":[{"name":"wp","href":"https:\/\/api.w.org\/{rel}","templated":true}]}}