{"id":52583,"date":"2025-01-06T20:08:00","date_gmt":"2025-01-06T20:08:00","guid":{"rendered":"https:\/\/murter.riot.hr\/?post_type=product&#038;p=52583"},"modified":"2025-04-03T17:53:39","modified_gmt":"2025-04-03T16:53:39","slug":"apartament-w-bazenom-u-murteru-a22-id-286","status":"publish","type":"product","link":"https:\/\/murter-online.com\/pl\/produkt\/apartament-w-bazenom-u-murteru-a22-id-286\/","title":{"rendered":"Apartament wakacyjne z basenem w Murteru A2+2 ID 286"},"content":{"rendered":"","protected":false},"excerpt":{"rendered":"<p>Apartament dla \u0142\u0105cznie 4 os\u00f3b doros\u0142ych znajduje si\u0119 na parterze domu.Apartament ma jedn\u0105 sypialni\u0119, w kt\u00f3rej mog\u0105 spa\u0107 2 osoby doros\u0142e, w salonie znajduje si\u0119 dodatkowe \u0142\u00f3\u017cko (sofa), kt\u00f3re mo\u017cna wykorzysta\u0107 do spania. Apartament ma dost\u0119p do prywatnego podw\u00f3rka z basenem. Przed apartamentem znajduje si\u0119 prysznic na \u015bwie\u017cym powietrzu oraz grill, z kt\u00f3rego mo\u017cna korzysta\u0107 bezp\u0142atnie. Parking dla samochodu znajduje si\u0119 przed domem. W apartamencie jest Wi-Fi oraz TV LCD 65&#8243; + PS4. Telewizory LCD w sypialniach. Kuchnia wyposa\u017cona w ekspres Nespresso, toster, mikrofal\u00f3wk\u0119, czajnik, zmywark\u0119. W mieszkaniu pralka. Na \u017cyczenie dost\u0119pne jest \u0142\u00f3\u017ceczko i stolik do karmienia. Koszt sprz\u0105tania wynosi 60 \u20ac i nie jest wliczony w cen\u0119. Op\u0142ata klimatyczna wynosi 1,50 \u20ac i nie jest wliczona w cen\u0119. Dzieci do lat 12 s\u0105 zwolnione z op\u0142aty klimatycznej, dzieci w wieku od 12 do 18 lat p\u0142ac\u0105 50% ceny.<\/p>\n","protected":false},"featured_media":34765,"template":"","meta":{"_acf_changed":false},"product_brand":[],"product_cat":[153,131,152],"product_tag":[],"class_list":{"0":"post-52583","1":"product","2":"type-product","3":"status-publish","4":"has-post-thumbnail","6":"product_cat-apartamenty-dla-rodzin","7":"product_cat-apartamenty","8":"product_cat-apartamenty-z-basenem","10":"first","11":"instock","12":"sold-individually","13":"shipping-taxable","14":"purchasable","15":"product-type-phive_booking"},"acf":[],"_links":{"self":[{"href":"https:\/\/murter-online.com\/pl\/wp-json\/wp\/v2\/product\/52583","targetHints":{"allow":["GET"]}}],"collection":[{"href":"https:\/\/murter-online.com\/pl\/wp-json\/wp\/v2\/product"}],"about":[{"href":"https:\/\/murter-online.com\/pl\/wp-json\/wp\/v2\/types\/product"}],"wp:featuredmedia":[{"embeddable":true,"href":"https:\/\/murter-online.com\/pl\/wp-json\/wp\/v2\/media\/34765"}],"wp:attachment":[{"href":"https:\/\/murter-online.com\/pl\/wp-json\/wp\/v2\/media?parent=52583"}],"wp:term":[{"taxonomy":"product_brand","embeddable":true,"href":"https:\/\/murter-online.com\/pl\/wp-json\/wp\/v2\/product_brand?post=52583"},{"taxonomy":"product_cat","embeddable":true,"href":"https:\/\/murter-online.com\/pl\/wp-json\/wp\/v2\/product_cat?post=52583"},{"taxonomy":"product_tag","embeddable":true,"href":"https:\/\/murter-online.com\/pl\/wp-json\/wp\/v2\/product_tag?post=52583"}],"curies":[{"name":"wp","href":"https:\/\/api.w.org\/{rel}","templated":true}]}}