{"id":52587,"date":"2025-01-06T20:21:15","date_gmt":"2025-01-06T20:21:15","guid":{"rendered":"https:\/\/murter.riot.hr\/?post_type=product&#038;p=52587"},"modified":"2025-04-19T07:49:22","modified_gmt":"2025-04-19T06:49:22","slug":"apartament-z-widokiem-na-morze-murter-2-2-id-219","status":"publish","type":"product","link":"https:\/\/murter-online.com\/pl\/produkt\/apartament-z-widokiem-na-morze-murter-2-2-id-219\/","title":{"rendered":"Apartament wakacyjny Murter z widokiem na morze 2+2 ID 219"},"content":{"rendered":"","protected":false},"excerpt":{"rendered":"<p>Apartament z panoramicznym widokiem na morze w Murter. Mieszkanie posiada jedn\u0105 sypialni\u0119, w kt\u00f3rej mog\u0105 spa\u0107 dwie osoby, oraz pok\u00f3j dzienny z rozk\u0142adan\u0105 sof\u0105, kt\u00f3ra mo\u017ce s\u0142u\u017cy\u0107 do spania. Kuchnia w pe\u0142ni wyposa\u017cona. Dla go\u015bci apartamentu dost\u0119pny jest bezp\u0142atny parking na podw\u00f3rku. Jest grill na \u015bwie\u017cym powietrzu, z kt\u00f3rego mo\u017cna korzysta\u0107. Mieszkanie znajduje si\u0119 na \u015bwietnej pozycji. Miejska pla\u017ca Luke, piaszczysta pla\u017ca Slanica i centrum miasta znajduj\u0105 si\u0119 w odleg\u0142o\u015bci spaceru.Cennik obowi\u0105zuje dla dw\u00f3ch os\u00f3b.<\/p>\n","protected":false},"featured_media":34846,"template":"","meta":{"_acf_changed":false},"product_brand":[],"product_cat":[153,151],"product_tag":[],"class_list":{"0":"post-52587","1":"product","2":"type-product","3":"status-publish","4":"has-post-thumbnail","6":"product_cat-apartamenty-dla-rodzin","7":"product_cat-apartamenty-z-widokiem-na-morze","9":"first","10":"instock","11":"sold-individually","12":"shipping-taxable","13":"purchasable","14":"product-type-phive_booking"},"acf":[],"_links":{"self":[{"href":"https:\/\/murter-online.com\/pl\/wp-json\/wp\/v2\/product\/52587","targetHints":{"allow":["GET"]}}],"collection":[{"href":"https:\/\/murter-online.com\/pl\/wp-json\/wp\/v2\/product"}],"about":[{"href":"https:\/\/murter-online.com\/pl\/wp-json\/wp\/v2\/types\/product"}],"wp:featuredmedia":[{"embeddable":true,"href":"https:\/\/murter-online.com\/pl\/wp-json\/wp\/v2\/media\/34846"}],"wp:attachment":[{"href":"https:\/\/murter-online.com\/pl\/wp-json\/wp\/v2\/media?parent=52587"}],"wp:term":[{"taxonomy":"product_brand","embeddable":true,"href":"https:\/\/murter-online.com\/pl\/wp-json\/wp\/v2\/product_brand?post=52587"},{"taxonomy":"product_cat","embeddable":true,"href":"https:\/\/murter-online.com\/pl\/wp-json\/wp\/v2\/product_cat?post=52587"},{"taxonomy":"product_tag","embeddable":true,"href":"https:\/\/murter-online.com\/pl\/wp-json\/wp\/v2\/product_tag?post=52587"}],"curies":[{"name":"wp","href":"https:\/\/api.w.org\/{rel}","templated":true}]}}