{"id":52591,"date":"2025-01-06T20:38:44","date_gmt":"2025-01-06T20:38:44","guid":{"rendered":"https:\/\/murter.riot.hr\/?post_type=product&#038;p=52591"},"modified":"2025-04-03T17:39:51","modified_gmt":"2025-04-03T16:39:51","slug":"apartament-zdrace-plaza-betina-widok-na-morze-a2-2-id-106","status":"publish","type":"product","link":"https:\/\/murter-online.com\/pl\/produkt\/apartament-zdrace-plaza-betina-widok-na-morze-a2-2-id-106\/","title":{"rendered":"Apartament wakacyjne z widokiem na morze pla\u017ca Zdra\u010de Betina &#8211; Murter A2 + 2 ID 106"},"content":{"rendered":"","protected":false},"excerpt":{"rendered":"<p>Apartament znajduje si\u0119 70 metr\u00f3w od lokalnej pla\u017cy Zdra\u010de w miejscowo\u015bci Betina. apartament posiada widok na morze. Apartament mo\u017ce pomie\u015bci\u0107 3 osoby doros\u0142e lub dwie osoby doros\u0142e i dwoje dzieci. Mieszkanie nadaje si\u0119 na rodzinne wakacje.<\/p>\n","protected":false},"featured_media":34958,"template":"","meta":{"_acf_changed":false},"product_brand":[],"product_cat":[151],"product_tag":[],"class_list":{"0":"post-52591","1":"product","2":"type-product","3":"status-publish","4":"has-post-thumbnail","6":"product_cat-apartamenty-z-widokiem-na-morze","8":"first","9":"instock","10":"sold-individually","11":"shipping-taxable","12":"purchasable","13":"product-type-phive_booking"},"acf":[],"_links":{"self":[{"href":"https:\/\/murter-online.com\/pl\/wp-json\/wp\/v2\/product\/52591","targetHints":{"allow":["GET"]}}],"collection":[{"href":"https:\/\/murter-online.com\/pl\/wp-json\/wp\/v2\/product"}],"about":[{"href":"https:\/\/murter-online.com\/pl\/wp-json\/wp\/v2\/types\/product"}],"wp:featuredmedia":[{"embeddable":true,"href":"https:\/\/murter-online.com\/pl\/wp-json\/wp\/v2\/media\/34958"}],"wp:attachment":[{"href":"https:\/\/murter-online.com\/pl\/wp-json\/wp\/v2\/media?parent=52591"}],"wp:term":[{"taxonomy":"product_brand","embeddable":true,"href":"https:\/\/murter-online.com\/pl\/wp-json\/wp\/v2\/product_brand?post=52591"},{"taxonomy":"product_cat","embeddable":true,"href":"https:\/\/murter-online.com\/pl\/wp-json\/wp\/v2\/product_cat?post=52591"},{"taxonomy":"product_tag","embeddable":true,"href":"https:\/\/murter-online.com\/pl\/wp-json\/wp\/v2\/product_tag?post=52591"}],"curies":[{"name":"wp","href":"https:\/\/api.w.org\/{rel}","templated":true}]}}