{"id":52595,"date":"2025-01-06T20:53:01","date_gmt":"2025-01-06T20:53:01","guid":{"rendered":"https:\/\/murter.riot.hr\/?post_type=product&#038;p=52595"},"modified":"2025-03-29T19:29:13","modified_gmt":"2025-03-29T18:29:13","slug":"dom-nad-morzem-murter-podraduc-a22-id-323","status":"publish","type":"product","link":"https:\/\/murter-online.com\/pl\/produkt\/dom-nad-morzem-murter-podraduc-a22-id-323\/","title":{"rendered":"Dom wakacyjny nad morzem Murter Podradu\u010d A2+2 ID 323"},"content":{"rendered":"","protected":false},"excerpt":{"rendered":"<p>Dom wakacyjny nad morzem wynajmowany jest jako samodzielny obiekt. Dom po\u0142o\u017cony jest w atrakcyjnej cz\u0119\u015bci wyspy, w spokojnym i cichym miejscu. Z frontowego tarasu domu roztacza si\u0119 pi\u0119kny widok na morze na wyspach Kornati. Dom jest w pe\u0142ni wyposa\u017cony. Na parterze znajduje si\u0119 sypialnia z \u0142\u00f3\u017ckiem ma\u0142\u017ce\u0144skim, toaleta z \u0142azienk\u0105 oraz pok\u00f3j dzienny z rozk\u0142adan\u0105 sof\u0105, kt\u00f3ra mo\u017ce s\u0142u\u017cy\u0107 jako dodatkowe \u0142\u00f3\u017cko dla 2 os\u00f3b. Na galerii domu znajduje si\u0119 kuchnia. Jest lod\u00f3wka, piekarnik, ekspres do kawy i czajnik oraz wszystko inne niezb\u0119dne do przygotowywania i spo\u017cywania posi\u0142k\u00f3w i napoj\u00f3w. Dom posiada klimatyzacj\u0119 i bezp\u0142atne WiFi. Przed domem znajduje si\u0119 bezp\u0142atne miejsce parkingowe dla go\u015bci. Do dyspozycji Go\u015bci jest sprz\u0119t do grillowania, z kt\u00f3rego mo\u017cna korzysta\u0107 bezp\u0142atnie. W ci\u0105gu dnia, gdy taras przedni jest nas\u0142oneczniony, taras tylny mo\u017cna wykorzysta\u0107 w naturalnym cieniu, aby przebywa\u0107 na \u015bwie\u017cym powietrzu. Rano i wczesnym wieczorem mo\u017cna sp\u0119dza\u0107 czas na frontowym tarasie. Dom posiada du\u017cy, ogrodzony teren zewn\u0119trzny, dlatego nadaje si\u0119 dla mniejszych rodzin z dzie\u0107mi.<\/p>\n","protected":false},"featured_media":35059,"template":"","meta":{"_acf_changed":false},"product_brand":[],"product_cat":[151,157],"product_tag":[],"class_list":{"0":"post-52595","1":"product","2":"type-product","3":"status-publish","4":"has-post-thumbnail","6":"product_cat-apartamenty-z-widokiem-na-morze","7":"product_cat-domy-wakacyjne-wille","9":"first","10":"instock","11":"sold-individually","12":"shipping-taxable","13":"purchasable","14":"product-type-phive_booking"},"acf":[],"_links":{"self":[{"href":"https:\/\/murter-online.com\/pl\/wp-json\/wp\/v2\/product\/52595","targetHints":{"allow":["GET"]}}],"collection":[{"href":"https:\/\/murter-online.com\/pl\/wp-json\/wp\/v2\/product"}],"about":[{"href":"https:\/\/murter-online.com\/pl\/wp-json\/wp\/v2\/types\/product"}],"wp:featuredmedia":[{"embeddable":true,"href":"https:\/\/murter-online.com\/pl\/wp-json\/wp\/v2\/media\/35059"}],"wp:attachment":[{"href":"https:\/\/murter-online.com\/pl\/wp-json\/wp\/v2\/media?parent=52595"}],"wp:term":[{"taxonomy":"product_brand","embeddable":true,"href":"https:\/\/murter-online.com\/pl\/wp-json\/wp\/v2\/product_brand?post=52595"},{"taxonomy":"product_cat","embeddable":true,"href":"https:\/\/murter-online.com\/pl\/wp-json\/wp\/v2\/product_cat?post=52595"},{"taxonomy":"product_tag","embeddable":true,"href":"https:\/\/murter-online.com\/pl\/wp-json\/wp\/v2\/product_tag?post=52595"}],"curies":[{"name":"wp","href":"https:\/\/api.w.org\/{rel}","templated":true}]}}