{"id":52599,"date":"2025-01-07T06:59:48","date_gmt":"2025-01-07T06:59:48","guid":{"rendered":"https:\/\/murter.riot.hr\/?post_type=product&#038;p=52599"},"modified":"2026-01-30T08:58:31","modified_gmt":"2026-01-30T07:58:31","slug":"domek-mobilny-murter-slanica-a2-2-id-245","status":"publish","type":"product","link":"https:\/\/murter-online.com\/pl\/produkt\/domek-mobilny-murter-slanica-a2-2-id-245\/","title":{"rendered":"Mobilny dom na plazy Murter plaza Slanica A2 + 1 ID 245"},"content":{"rendered":"","protected":false},"excerpt":{"rendered":"<p>Przyczepa stacjonarna w pobli\u017cu piaszczystej pla\u017cy Slanica z widokiem na morze! Dom posiada jedn\u0105 sypialni\u0119, w kt\u00f3rej mog\u0105 spa\u0107 dwie osoby doros\u0142e. W domu znajduje si\u0119 salon z kanap\u0105 (dostawka), kt\u00f3ra mo\u017ce s\u0142u\u017cy\u0107 do spania. Kuchnia w pe\u0142ni wyposa\u017cona. W domku znajduje si\u0119 wyposa\u017cona cz\u0119\u015b\u0107 zewn\u0119trzna do \u017cycia na \u015bwie\u017cym powietrzu. Domek posiada klimatyzacj\u0119, internet WiFi. Parking znajduje si\u0119 przed domem i jest wliczony w cen\u0119.<\/p>\n","protected":false},"featured_media":35199,"template":"","meta":{"_acf_changed":false},"product_brand":[],"product_cat":[151,159],"product_tag":[],"class_list":{"0":"post-52599","1":"product","2":"type-product","3":"status-publish","4":"has-post-thumbnail","6":"product_cat-apartamenty-z-widokiem-na-morze","7":"product_cat-mobilny-dom","9":"first","10":"instock","11":"sold-individually","12":"shipping-taxable","13":"purchasable","14":"product-type-phive_booking"},"acf":[],"_links":{"self":[{"href":"https:\/\/murter-online.com\/pl\/wp-json\/wp\/v2\/product\/52599","targetHints":{"allow":["GET"]}}],"collection":[{"href":"https:\/\/murter-online.com\/pl\/wp-json\/wp\/v2\/product"}],"about":[{"href":"https:\/\/murter-online.com\/pl\/wp-json\/wp\/v2\/types\/product"}],"wp:featuredmedia":[{"embeddable":true,"href":"https:\/\/murter-online.com\/pl\/wp-json\/wp\/v2\/media\/35199"}],"wp:attachment":[{"href":"https:\/\/murter-online.com\/pl\/wp-json\/wp\/v2\/media?parent=52599"}],"wp:term":[{"taxonomy":"product_brand","embeddable":true,"href":"https:\/\/murter-online.com\/pl\/wp-json\/wp\/v2\/product_brand?post=52599"},{"taxonomy":"product_cat","embeddable":true,"href":"https:\/\/murter-online.com\/pl\/wp-json\/wp\/v2\/product_cat?post=52599"},{"taxonomy":"product_tag","embeddable":true,"href":"https:\/\/murter-online.com\/pl\/wp-json\/wp\/v2\/product_tag?post=52599"}],"curies":[{"name":"wp","href":"https:\/\/api.w.org\/{rel}","templated":true}]}}