{"id":52608,"date":"2025-01-07T07:21:48","date_gmt":"2025-01-07T07:21:48","guid":{"rendered":"https:\/\/murter.riot.hr\/?post_type=product&#038;p=52608"},"modified":"2025-03-29T19:37:17","modified_gmt":"2025-03-29T18:37:17","slug":"maly-dom-wakacyjny-w-murter-a21-id-266","status":"publish","type":"product","link":"https:\/\/murter-online.com\/pl\/produkt\/maly-dom-wakacyjny-w-murter-a21-id-266\/","title":{"rendered":"Dom wakacyjny Murter A2+1 ID 266"},"content":{"rendered":"","protected":false},"excerpt":{"rendered":"<p>Ma\u0142y dom wakacyjny po\u0142o\u017cony jest w miejscowo\u015bci Murter, 250 metr\u00f3w od centrum Murteru w spokojnym i cichym miejscu. Jest to oddzielny budynek sk\u0142adaj\u0105cy si\u0119 z jednej sypialni, kuchni, salonu oraz toalety z \u0142azienk\u0105. Mieszkanie (dom) znajduje si\u0119 oko\u0142o 450 metr\u00f3w od lokalnej pla\u017cy Luke. Ma\u0142y dom wyposa\u017cony jest w klimatyzacj\u0119, bezprzewodowy dost\u0119p do Internetu, piekarnik i pralk\u0119, lod\u00f3wk\u0119 z zamra\u017cark\u0105. Parking znajduje si\u0119 na podw\u00f3rku przed domem i jest wliczony w cen\u0119 mieszkania. Jest grill na \u015bwie\u017cym powietrzu, z kt\u00f3rego mo\u017cna korzysta\u0107.<\/p>\n","protected":false},"featured_media":35327,"template":"","meta":{"_acf_changed":false},"product_brand":[],"product_cat":[157],"product_tag":[],"class_list":{"0":"post-52608","1":"product","2":"type-product","3":"status-publish","4":"has-post-thumbnail","6":"product_cat-domy-wakacyjne-wille","8":"first","9":"instock","10":"sold-individually","11":"shipping-taxable","12":"purchasable","13":"product-type-phive_booking"},"acf":[],"_links":{"self":[{"href":"https:\/\/murter-online.com\/pl\/wp-json\/wp\/v2\/product\/52608","targetHints":{"allow":["GET"]}}],"collection":[{"href":"https:\/\/murter-online.com\/pl\/wp-json\/wp\/v2\/product"}],"about":[{"href":"https:\/\/murter-online.com\/pl\/wp-json\/wp\/v2\/types\/product"}],"wp:featuredmedia":[{"embeddable":true,"href":"https:\/\/murter-online.com\/pl\/wp-json\/wp\/v2\/media\/35327"}],"wp:attachment":[{"href":"https:\/\/murter-online.com\/pl\/wp-json\/wp\/v2\/media?parent=52608"}],"wp:term":[{"taxonomy":"product_brand","embeddable":true,"href":"https:\/\/murter-online.com\/pl\/wp-json\/wp\/v2\/product_brand?post=52608"},{"taxonomy":"product_cat","embeddable":true,"href":"https:\/\/murter-online.com\/pl\/wp-json\/wp\/v2\/product_cat?post=52608"},{"taxonomy":"product_tag","embeddable":true,"href":"https:\/\/murter-online.com\/pl\/wp-json\/wp\/v2\/product_tag?post=52608"}],"curies":[{"name":"wp","href":"https:\/\/api.w.org\/{rel}","templated":true}]}}